{"id":293,"date":"2017-06-10T08:24:41","date_gmt":"2017-06-10T08:24:41","guid":{"rendered":"http:\/\/xtratheme.combusiness-2\/?page_id=6"},"modified":"2025-08-15T15:44:09","modified_gmt":"2025-08-15T15:44:09","slug":"about","status":"publish","type":"page","link":"https:\/\/baitrima.de\/de\/about\/","title":{"rendered":"About"},"content":{"rendered":"<div class=\"wpb-content-wrapper\"><p>[vc_row][vc_column]<div class=\"cz_wrap clr\"><div id=\"cz_25950\" class=\"cz_25950 cz_title clr cz_mobile_text_center cz_title_pos_inline tac\"><style class=\"cz_d_css\" data-noptimize>#cz_25950 .cz_title_content{margin-bottom:40px}<\/style><div class=\"cz_title_content\"><div class=\"cz_wpe_content\"><h3 style=\"text-align: center;\"><span style=\"font-size: 36px;\">Ein Brief von unserer Familie<\/span><\/h3>\n<\/div><\/div><\/div><script>if( typeof Codevz_Plus !== \"undefined\" ) {setTimeout( function() {if( typeof Codevz_Plus.title !== \"undefined\" ) {Codevz_Plus.title();}jQuery( window ).trigger( \"scroll.codevz\" ).trigger( \"scroll.lazyload\" );}, 10 );}<\/script><\/div>[vc_row_inner][vc_column_inner width=&#8220;1\/6&#8243;][\/vc_column_inner][vc_column_inner width=&#8220;2\/3&#8243;]<div class=\"cz_wrap clr\"><div id=\"cz_49369\" class=\"cz_49369 cz_title clr cz_mobile_text_center cz_title_pos_inline\"><div class=\"cz_title_content\"><div class=\"cz_wpe_content\"><h3 style=\"text-align: left;\"><span style=\"line-height: 2; font-size: 22px; color: #ffffff;\"><span style=\"font-weight: 300;\">Liebe Freunde,<br \/>\nBait Rima ist mehr als nur ein Catering-Service \u2013 es ist unsere Art, die Aromen und Erinnerungen von Zuhause mit Ihnen zu teilen. Jedes Gericht, das wir zubereiten, tr\u00e4gt die Liebe und die Traditionen unserer Familien in sich, die \u00fcber Generationen weitergegeben wurden. Ob Sie einen besonderen Anlass feiern oder einfach ein wohltuendes Essen genie\u00dfen m\u00f6chten \u2013 wir versprechen Ihnen ein Erlebnis, das sich wie Zuhause anf\u00fchlt.<br \/>\nVielen Dank, dass wir Teil Ihres Tisches sein d\u00fcrfen.<br \/>\nMit Liebe,<br \/>\nKhalil &#038; Rima<\/p>\n<p><\/span><\/span><\/h3>\n<\/div><\/div><\/div><script>if( typeof Codevz_Plus !== \"undefined\" ) {setTimeout( function() {if( typeof Codevz_Plus.title !== \"undefined\" ) {Codevz_Plus.title();}jQuery( window ).trigger( \"scroll.codevz\" ).trigger( \"scroll.lazyload\" );}, 10 );}<\/script><\/div>[\/vc_column_inner][vc_column_inner width=&#8220;1\/6&#8243;][\/vc_column_inner][\/vc_row_inner]<div class=\"cz_gap clr \" style=\"height: 100px\"><\/div>[\/vc_column][\/vc_row][vc_row][vc_column css=&#8220;.vc_custom_1514376565853{padding-right: 50px !important;padding-left: 50px !important;}&#8220; offset=&#8220;vc_col-lg-6&#8243;]<div class=\"cz_wrap clr\"><div id=\"cz_65427\" class=\"cz_65427 cz_image clr cz_image_no_fx center_on_mobile\"><style class=\"cz_d_css\" data-noptimize>#cz_65427 .cz_svg_bg:before{background-image: url(\"data:image\/svg+xml;base64,PHN2ZyB4bWxucz0naHR0cDovL3d3dy53My5vcmcvMjAwMC9zdmcnIHdpZHRoPScyMCcgaGVpZ2h0PScyNCc+PGNpcmNsZSBjeD0nNicgY3k9JzYnIHI9JzEnIGZpbGw9J3JnYmEoMjU1LDI1NSwyNTUsMSknIC8+PC9zdmc+\")}#cz_65427 > div{position:relative;display: table;margin:0 auto;}<\/style><div class=\"cz_svg_bg\" ><div class=\"cz_image_in\"><div class=\"cz_main_image\"><img decoding=\"async\" width=\"1024\" height=\"768\" src=\"https:\/\/baitrima.de\/wp-content\/uploads\/2025\/08\/family.jpg\" class=\"attachment-full\" alt=\"\" title=\"family\" srcset=\"https:\/\/baitrima.de\/wp-content\/uploads\/2025\/08\/family.jpg 1024w, https:\/\/baitrima.de\/wp-content\/uploads\/2025\/08\/family-300x225.jpg 300w, https:\/\/baitrima.de\/wp-content\/uploads\/2025\/08\/family-768x576.jpg 768w, https:\/\/baitrima.de\/wp-content\/uploads\/2025\/08\/family-600x450.jpg 600w, https:\/\/baitrima.de\/wp-content\/uploads\/2025\/08\/family-1000x750.jpg 1000w\" sizes=\"(max-width: 1024px) 100vw, 1024px\" \/><\/div><\/div><\/div><\/div><script>if( typeof Codevz_Plus !== \"undefined\" ) {setTimeout( function() {Codevz_Plus.image( \"cz_65427\" );if( typeof Codevz_Plus.titl !== \"undefined\" ) {Codevz_Plus.titl();}jQuery( window ).trigger( \"scroll.codevz\" ).trigger( \"scroll.lazyload\" );}, 10 );}<\/script><\/div>[\/vc_column][vc_column offset=&#8220;vc_col-lg-6&#8243;]<div class=\"cz_wrap clr\"><div id=\"cz_21974\" class=\"cz_21974 cz_image clr cz_image_no_fx center_on_mobile\"><style class=\"cz_d_css\" data-noptimize>#cz_21974 .cz_svg_bg:before{background-image: url(\"data:image\/svg+xml;base64,PHN2ZyB4bWxucz0naHR0cDovL3d3dy53My5vcmcvMjAwMC9zdmcnIHdpZHRoPScyMCcgaGVpZ2h0PScyNCc+PGNpcmNsZSBjeD0nNicgY3k9JzYnIHI9JzEnIGZpbGw9J3JnYmEoMjU1LDI1NSwyNTUsMSknIC8+PC9zdmc+\")}#cz_21974 > div{position:relative;display: table;margin:0 auto;}<\/style><div class=\"cz_svg_bg\" ><div class=\"cz_image_in\"><div class=\"cz_main_image\"><img decoding=\"async\" width=\"1024\" height=\"768\" src=\"https:\/\/baitrima.de\/wp-content\/uploads\/2025\/08\/IMG-20211019-WA0016.jpg\" class=\"attachment-full\" alt=\"\" title=\"IMG-20211019-WA0016\" srcset=\"https:\/\/baitrima.de\/wp-content\/uploads\/2025\/08\/IMG-20211019-WA0016.jpg 1024w, https:\/\/baitrima.de\/wp-content\/uploads\/2025\/08\/IMG-20211019-WA0016-300x225.jpg 300w, https:\/\/baitrima.de\/wp-content\/uploads\/2025\/08\/IMG-20211019-WA0016-768x576.jpg 768w, https:\/\/baitrima.de\/wp-content\/uploads\/2025\/08\/IMG-20211019-WA0016-600x450.jpg 600w, https:\/\/baitrima.de\/wp-content\/uploads\/2025\/08\/IMG-20211019-WA0016-1000x750.jpg 1000w\" sizes=\"(max-width: 1024px) 100vw, 1024px\" \/><\/div><\/div><\/div><\/div><script>if( typeof Codevz_Plus !== \"undefined\" ) {setTimeout( function() {Codevz_Plus.image( \"cz_21974\" );if( typeof Codevz_Plus.titl !== \"undefined\" ) {Codevz_Plus.titl();}jQuery( window ).trigger( \"scroll.codevz\" ).trigger( \"scroll.lazyload\" );}, 10 );}<\/script><\/div>[\/vc_column][\/vc_row][vc_row][vc_column][\/vc_column][\/vc_row][vc_row full_width=&#8220;stretch_row&#8220; parallax=&#8220;content-moving&#8220; parallax_image=&#8220;1058&#8243;][vc_column]<div class=\"cz_gap clr  hide_on_tablet hide_on_mobile\" style=\"height: 140px\"><\/div><div class=\"cz_gap show_on_tablet clr  show_only_tablet\" style=\"height: 90px\"><\/div><div class=\"cz_gap show_on_mobile clr\" style=\"height: 80px\"><\/div><div class=\"cz_wrap clr\"><div id=\"cz_60591\" class=\"cz_60591 cz_title clr cz_title_pos_inline tac\"><div class=\"cz_title_content\"><div class=\"cz_wpe_content\"><h3 style=\"text-align: center;\"><span style=\"font-size: 34px;\">Mission und Werte<\/span><\/h3>\n<\/div><\/div><\/div><script>if( typeof Codevz_Plus !== \"undefined\" ) {setTimeout( function() {if( typeof Codevz_Plus.title !== \"undefined\" ) {Codevz_Plus.title();}jQuery( window ).trigger( \"scroll.codevz\" ).trigger( \"scroll.lazyload\" );}, 10 );}<\/script><\/div><div class=\"cz_wrap clr\"><div id=\"cz_53580\" class=\"cz_53580 cz_title clr cz_title_pos_inline tac\"><div class=\"cz_title_content\"><div class=\"cz_wpe_content\"><p style=\"text-align: center;\"><span style=\"font-weight: 300; color: #aaaaaa; font-size: 18px;\">Bei <strong>Bait Rima<\/strong>, engagieren wir uns f\u00fcr<\/span><\/p>\n<\/div><\/div><\/div><script>if( typeof Codevz_Plus !== \"undefined\" ) {setTimeout( function() {if( typeof Codevz_Plus.title !== \"undefined\" ) {Codevz_Plus.title();}jQuery( window ).trigger( \"scroll.codevz\" ).trigger( \"scroll.lazyload\" );}, 10 );}<\/script><\/div><div class=\"cz_gap clr \" style=\"height: 20px\"><\/div><div class=\"cz_wrap clr\"><ul id=\"cz_108958\" class=\"cz_108958 cz_stylish_list clr center_on_mobile cz_sl_icon_hover_zoom_in\"><style class=\"cz_d_css\" data-noptimize>#cz_108958 li{font-size:20px}#cz_108958 small{font-size:18px}<\/style><li class=\"clr\"><div class=\"cz_sl_icon\"><i class=\"far fa-gem mr10\"><\/i><\/div><div><span>Authentizit\u00e4t <small>Die reichen Traditionen der levantinischen K\u00fcche zu bewahren.<\/small><\/span><\/div><\/li><li class=\"clr\"><div class=\"cz_sl_icon\"><i class=\"fa czico-057-medal mr10\"><\/i><\/div><div><span>Qualit\u00e4t <small>Ausschlie\u00dflich frische und hochwertige Zutaten zu verwenden.<\/small><\/span><\/div><\/li><li class=\"clr\"><div class=\"cz_sl_icon\"><i class=\"fab fa-slideshare mr10\"><\/i><\/div><div><span>Gemeinschaft <small>Menschen durch die Liebe zum Essen zusammenzubringen.<\/small><\/span><\/div><\/li><li class=\"clr\"><div class=\"cz_sl_icon\"><i class=\"fas fa-tree mr10\"><\/i><\/div><div><span>Nachhaltigkeit <small>Abfall zu reduzieren und umweltfreundliche Verpackungen zu nutzen.<\/small><\/span><\/div><\/li><\/ul><script>if( typeof Codevz_Plus !== \"undefined\" ) {setTimeout( function() {jQuery( window ).trigger( \"scroll.codevz\" ).trigger( \"scroll.lazyload\" );}, 10 );}<\/script><\/div><div class=\"cz_wrap clr\"><div class=\"relative\"><div id=\"cz_110609\" class=\"cz_110609 cz_line tac\"><style class=\"cz_d_css\" data-noptimize>#cz_110609{background-color:#ffffff;padding-top:0px;padding-bottom:0px}<\/style><\/div><\/div><div class=\"clr\"><\/div><script>if( typeof Codevz_Plus !== \"undefined\" ) {setTimeout( function() {jQuery( window ).trigger( \"scroll.codevz\" ).trigger( \"scroll.lazyload\" );}, 10 );}<\/script><\/div>[\/vc_column][\/vc_row][vc_row][vc_column]<div class=\"cz_wrap clr\"><div id=\"cz_28057\" class=\"cz_grid_p cz_28057\"><div class=\"cz_grid cz_grid_1 clr cz_masonry cz_grid_c4 cz_grid_1big cz_grid_1_no_title cz_grid_1_mid tac\"><div class=\"cz_grid_item cz_grid_first\"><\/div><div class=\"cz_grid_item \"><div><a class=\"cz_grid_link \" href=\"https:\/\/baitrima.de\/wp-content\/uploads\/2025\/08\/IMG-20211019-WA0011.jpg\" data-xtra-lightbox><img decoding=\"async\" width=\"600\" height=\"800\" src=\"https:\/\/baitrima.de\/wp-content\/uploads\/2025\/08\/IMG-20211019-WA0011-600x800.jpg\" class=\"attachment-codevz_600_9999\" alt=\"\" title=\"IMG-20211019-WA0011\" srcset=\"https:\/\/baitrima.de\/wp-content\/uploads\/2025\/08\/IMG-20211019-WA0011-600x800.jpg 600w, https:\/\/baitrima.de\/wp-content\/uploads\/2025\/08\/IMG-20211019-WA0011-225x300.jpg 225w, https:\/\/baitrima.de\/wp-content\/uploads\/2025\/08\/IMG-20211019-WA0011.jpg 768w\" sizes=\"(max-width: 600px) 100vw, 600px\" \/><div class=\"cz_grid_details\"><i class=\"fa fa-search cz_grid_icon\"><\/i><\/div><\/a><\/div><\/div><div class=\"cz_grid_item \"><div><a class=\"cz_grid_link \" href=\"https:\/\/baitrima.de\/wp-content\/uploads\/2025\/08\/IMG-20220807-WA0008.jpg\" data-xtra-lightbox><img decoding=\"async\" width=\"600\" height=\"800\" src=\"https:\/\/baitrima.de\/wp-content\/uploads\/2025\/08\/IMG-20220807-WA0008-600x800.jpg\" class=\"attachment-codevz_600_9999\" alt=\"\" title=\"IMG-20220807-WA0008\" srcset=\"https:\/\/baitrima.de\/wp-content\/uploads\/2025\/08\/IMG-20220807-WA0008-600x800.jpg 600w, https:\/\/baitrima.de\/wp-content\/uploads\/2025\/08\/IMG-20220807-WA0008-225x300.jpg 225w, https:\/\/baitrima.de\/wp-content\/uploads\/2025\/08\/IMG-20220807-WA0008-768x1024.jpg 768w, https:\/\/baitrima.de\/wp-content\/uploads\/2025\/08\/IMG-20220807-WA0008-1152x1536.jpg 1152w, https:\/\/baitrima.de\/wp-content\/uploads\/2025\/08\/IMG-20220807-WA0008-1000x1333.jpg 1000w, https:\/\/baitrima.de\/wp-content\/uploads\/2025\/08\/IMG-20220807-WA0008.jpg 1536w\" sizes=\"(max-width: 600px) 100vw, 600px\" \/><div class=\"cz_grid_details\"><i class=\"fa fa-search cz_grid_icon\"><\/i><\/div><\/a><\/div><\/div><div class=\"cz_grid_item \"><div><a class=\"cz_grid_link \" href=\"https:\/\/baitrima.de\/wp-content\/uploads\/2025\/08\/IMG-20210804-WA0037.jpg\" data-xtra-lightbox><img decoding=\"async\" width=\"600\" height=\"800\" src=\"https:\/\/baitrima.de\/wp-content\/uploads\/2025\/08\/IMG-20210804-WA0037-600x800.jpg\" class=\"attachment-codevz_600_9999\" alt=\"\" title=\"IMG-20210804-WA0037\" srcset=\"https:\/\/baitrima.de\/wp-content\/uploads\/2025\/08\/IMG-20210804-WA0037-600x800.jpg 600w, https:\/\/baitrima.de\/wp-content\/uploads\/2025\/08\/IMG-20210804-WA0037-225x300.jpg 225w, https:\/\/baitrima.de\/wp-content\/uploads\/2025\/08\/IMG-20210804-WA0037-768x1024.jpg 768w, https:\/\/baitrima.de\/wp-content\/uploads\/2025\/08\/IMG-20210804-WA0037-1152x1536.jpg 1152w, https:\/\/baitrima.de\/wp-content\/uploads\/2025\/08\/IMG-20210804-WA0037-1000x1333.jpg 1000w, https:\/\/baitrima.de\/wp-content\/uploads\/2025\/08\/IMG-20210804-WA0037.jpg 1200w\" sizes=\"(max-width: 600px) 100vw, 600px\" \/><div class=\"cz_grid_details\"><i class=\"fa fa-search cz_grid_icon\"><\/i><\/div><\/a><\/div><\/div><div class=\"cz_grid_item \"><div><a class=\"cz_grid_link \" href=\"https:\/\/baitrima.de\/wp-content\/uploads\/2025\/08\/IMG_20230915_171040_235.webp\" data-xtra-lightbox><img decoding=\"async\" width=\"600\" height=\"600\" src=\"https:\/\/baitrima.de\/wp-content\/uploads\/2025\/08\/IMG_20230915_171040_235-600x600.webp\" class=\"attachment-codevz_600_9999\" alt=\"\" title=\"IMG_20230915_171040_235\" srcset=\"https:\/\/baitrima.de\/wp-content\/uploads\/2025\/08\/IMG_20230915_171040_235-600x600.webp 600w, https:\/\/baitrima.de\/wp-content\/uploads\/2025\/08\/IMG_20230915_171040_235-300x300.webp 300w, https:\/\/baitrima.de\/wp-content\/uploads\/2025\/08\/IMG_20230915_171040_235-1024x1024.webp 1024w, https:\/\/baitrima.de\/wp-content\/uploads\/2025\/08\/IMG_20230915_171040_235-150x150.webp 150w, https:\/\/baitrima.de\/wp-content\/uploads\/2025\/08\/IMG_20230915_171040_235-768x768.webp 768w, https:\/\/baitrima.de\/wp-content\/uploads\/2025\/08\/IMG_20230915_171040_235-1000x1000.webp 1000w, https:\/\/baitrima.de\/wp-content\/uploads\/2025\/08\/IMG_20230915_171040_235-100x100.webp 100w, https:\/\/baitrima.de\/wp-content\/uploads\/2025\/08\/IMG_20230915_171040_235.webp 1440w\" sizes=\"(max-width: 600px) 100vw, 600px\" \/><div class=\"cz_grid_details\"><i class=\"fa fa-search cz_grid_icon\"><\/i><\/div><\/a><\/div><\/div><div class=\"cz_grid_item \"><div><a class=\"cz_grid_link \" href=\"https:\/\/baitrima.de\/wp-content\/uploads\/2025\/08\/IMG_20220731_232519_992.jpg\" data-xtra-lightbox><img decoding=\"async\" width=\"600\" height=\"600\" src=\"https:\/\/baitrima.de\/wp-content\/uploads\/2025\/08\/IMG_20220731_232519_992-600x600.jpg\" class=\"attachment-codevz_600_9999\" alt=\"\" title=\"IMG_20220731_232519_992\" srcset=\"https:\/\/baitrima.de\/wp-content\/uploads\/2025\/08\/IMG_20220731_232519_992-600x600.jpg 600w, https:\/\/baitrima.de\/wp-content\/uploads\/2025\/08\/IMG_20220731_232519_992-300x300.jpg 300w, https:\/\/baitrima.de\/wp-content\/uploads\/2025\/08\/IMG_20220731_232519_992-150x150.jpg 150w, https:\/\/baitrima.de\/wp-content\/uploads\/2025\/08\/IMG_20220731_232519_992-768x768.jpg 768w, https:\/\/baitrima.de\/wp-content\/uploads\/2025\/08\/IMG_20220731_232519_992-100x100.jpg 100w, https:\/\/baitrima.de\/wp-content\/uploads\/2025\/08\/IMG_20220731_232519_992.jpg 960w\" sizes=\"(max-width: 600px) 100vw, 600px\" \/><div class=\"cz_grid_details\"><i class=\"fa fa-search cz_grid_icon\"><\/i><\/div><\/a><\/div><\/div><div class=\"cz_grid_item \"><div><a class=\"cz_grid_link \" href=\"https:\/\/baitrima.de\/wp-content\/uploads\/2025\/08\/FB_IMG_1678800541790.jpg\" data-xtra-lightbox><img decoding=\"async\" width=\"600\" height=\"600\" src=\"https:\/\/baitrima.de\/wp-content\/uploads\/2025\/08\/FB_IMG_1678800541790-600x600.jpg\" class=\"attachment-codevz_600_9999\" alt=\"\" title=\"FB_IMG_1678800541790\" srcset=\"https:\/\/baitrima.de\/wp-content\/uploads\/2025\/08\/FB_IMG_1678800541790-600x600.jpg 600w, https:\/\/baitrima.de\/wp-content\/uploads\/2025\/08\/FB_IMG_1678800541790-300x300.jpg 300w, https:\/\/baitrima.de\/wp-content\/uploads\/2025\/08\/FB_IMG_1678800541790-150x150.jpg 150w, https:\/\/baitrima.de\/wp-content\/uploads\/2025\/08\/FB_IMG_1678800541790-768x768.jpg 768w, https:\/\/baitrima.de\/wp-content\/uploads\/2025\/08\/FB_IMG_1678800541790-100x100.jpg 100w, https:\/\/baitrima.de\/wp-content\/uploads\/2025\/08\/FB_IMG_1678800541790.jpg 960w\" sizes=\"(max-width: 600px) 100vw, 600px\" \/><div class=\"cz_grid_details\"><i class=\"fa fa-search cz_grid_icon\"><\/i><\/div><\/a><\/div><\/div><div class=\"cz_grid_item \"><div><a class=\"cz_grid_link \" href=\"https:\/\/baitrima.de\/wp-content\/uploads\/2025\/08\/20250427_184050-scaled.jpg\" data-xtra-lightbox><img decoding=\"async\" width=\"600\" height=\"800\" src=\"https:\/\/baitrima.de\/wp-content\/uploads\/2025\/08\/20250427_184050-600x800.jpg\" class=\"attachment-codevz_600_9999\" alt=\"\" title=\"20250427_184050\" srcset=\"https:\/\/baitrima.de\/wp-content\/uploads\/2025\/08\/20250427_184050-600x800.jpg 600w, https:\/\/baitrima.de\/wp-content\/uploads\/2025\/08\/20250427_184050-225x300.jpg 225w, https:\/\/baitrima.de\/wp-content\/uploads\/2025\/08\/20250427_184050-768x1024.jpg 768w, https:\/\/baitrima.de\/wp-content\/uploads\/2025\/08\/20250427_184050-1152x1536.jpg 1152w, https:\/\/baitrima.de\/wp-content\/uploads\/2025\/08\/20250427_184050-1536x2048.jpg 1536w, https:\/\/baitrima.de\/wp-content\/uploads\/2025\/08\/20250427_184050-1000x1333.jpg 1000w, https:\/\/baitrima.de\/wp-content\/uploads\/2025\/08\/20250427_184050-scaled.jpg 1920w\" sizes=\"(max-width: 600px) 100vw, 600px\" \/><div class=\"cz_grid_details\"><i class=\"fa fa-search cz_grid_icon\"><\/i><\/div><\/a><\/div><\/div><div class=\"cz_grid_item \"><div><a class=\"cz_grid_link \" href=\"https:\/\/baitrima.de\/wp-content\/uploads\/2025\/08\/20230915_191551-scaled.jpg\" data-xtra-lightbox><img decoding=\"async\" width=\"600\" height=\"800\" src=\"https:\/\/baitrima.de\/wp-content\/uploads\/2025\/08\/20230915_191551-600x800.jpg\" class=\"attachment-codevz_600_9999\" alt=\"\" title=\"20230915_191551\" srcset=\"https:\/\/baitrima.de\/wp-content\/uploads\/2025\/08\/20230915_191551-600x800.jpg 600w, https:\/\/baitrima.de\/wp-content\/uploads\/2025\/08\/20230915_191551-225x300.jpg 225w, https:\/\/baitrima.de\/wp-content\/uploads\/2025\/08\/20230915_191551-768x1024.jpg 768w, https:\/\/baitrima.de\/wp-content\/uploads\/2025\/08\/20230915_191551-1152x1536.jpg 1152w, https:\/\/baitrima.de\/wp-content\/uploads\/2025\/08\/20230915_191551-1536x2048.jpg 1536w, https:\/\/baitrima.de\/wp-content\/uploads\/2025\/08\/20230915_191551-1000x1333.jpg 1000w, https:\/\/baitrima.de\/wp-content\/uploads\/2025\/08\/20230915_191551-scaled.jpg 1920w\" sizes=\"(max-width: 600px) 100vw, 600px\" \/><div class=\"cz_grid_details\"><i class=\"fa fa-search cz_grid_icon\"><\/i><\/div><\/a><\/div><\/div><div class=\"cz_grid_item \"><div><a class=\"cz_grid_link \" href=\"https:\/\/baitrima.de\/wp-content\/uploads\/2025\/06\/20220411_230740.jpg\" data-xtra-lightbox><img decoding=\"async\" width=\"600\" height=\"724\" src=\"https:\/\/baitrima.de\/wp-content\/uploads\/2025\/06\/20220411_230740-600x724.jpg\" class=\"attachment-codevz_600_9999\" alt=\"\" title=\"20220411_230740\" srcset=\"https:\/\/baitrima.de\/wp-content\/uploads\/2025\/06\/20220411_230740-600x724.jpg 600w, https:\/\/baitrima.de\/wp-content\/uploads\/2025\/06\/20220411_230740-248x300.jpg 248w, https:\/\/baitrima.de\/wp-content\/uploads\/2025\/06\/20220411_230740-848x1024.jpg 848w, https:\/\/baitrima.de\/wp-content\/uploads\/2025\/06\/20220411_230740-768x927.jpg 768w, https:\/\/baitrima.de\/wp-content\/uploads\/2025\/06\/20220411_230740-1000x1207.jpg 1000w, https:\/\/baitrima.de\/wp-content\/uploads\/2025\/06\/20220411_230740.jpg 1080w\" sizes=\"(max-width: 600px) 100vw, 600px\" \/><div class=\"cz_grid_details\"><i class=\"fa fa-search cz_grid_icon\"><\/i><\/div><\/a><\/div><\/div><div class=\"cz_grid_item \"><div><a class=\"cz_grid_link \" href=\"https:\/\/baitrima.de\/wp-content\/uploads\/2025\/06\/04-rotated.jpg\" data-xtra-lightbox><img decoding=\"async\" width=\"600\" height=\"481\" src=\"https:\/\/baitrima.de\/wp-content\/uploads\/2025\/06\/04-600x481.jpg\" class=\"attachment-codevz_600_9999\" alt=\"\" title=\"04\" srcset=\"https:\/\/baitrima.de\/wp-content\/uploads\/2025\/06\/04-600x481.jpg 600w, https:\/\/baitrima.de\/wp-content\/uploads\/2025\/06\/04-300x241.jpg 300w, https:\/\/baitrima.de\/wp-content\/uploads\/2025\/06\/04-1024x821.jpg 1024w, https:\/\/baitrima.de\/wp-content\/uploads\/2025\/06\/04-768x616.jpg 768w, https:\/\/baitrima.de\/wp-content\/uploads\/2025\/06\/04-1000x802.jpg 1000w, https:\/\/baitrima.de\/wp-content\/uploads\/2025\/06\/04-rotated.jpg 1347w\" sizes=\"(max-width: 600px) 100vw, 600px\" \/><div class=\"cz_grid_details\"><i class=\"fa fa-search cz_grid_icon\"><\/i><\/div><\/a><\/div><\/div><\/div><\/div><script>if( typeof Codevz_Plus !== \"undefined\" ) {setTimeout( function() {Codevz_Plus.grid( true );if( typeof Codevz_Plus.tilt !== \"undefined\" ) {Codevz_Plus.tilt();}jQuery( window ).trigger( \"scroll.codevz\" ).trigger( \"scroll.lazyload\" );}, 10 );}<\/script><\/div>[\/vc_column][\/vc_row]<\/p>\n<\/div>","protected":false},"excerpt":{"rendered":"<p>[vc_row][vc_column][vc_row_inner][vc_column_inner width=&#8220;1\/6&#8243;][\/vc_column_inner][vc_column_inner width=&#8220;2\/3&#8243;][\/vc_column_inner][vc_column_inner width=&#8220;1\/6&#8243;][\/vc_column_inner][\/vc_row_inner][\/vc_column][\/vc_row][vc_row][vc_column css=&#8220;.vc_custom_1514376565853{padding-right: 50px !important;padding-left: 50px !important;}&#8220; offset=&#8220;vc_col-lg-6&#8243;][\/vc_column][vc_column offset=&#8220;vc_col-lg-6&#8243;][\/vc_column][\/vc_row][vc_row][vc_column][\/vc_column][\/vc_row][vc_row &#8230; <\/p>\n","protected":false},"author":1,"featured_media":0,"parent":0,"menu_order":0,"comment_status":"closed","ping_status":"closed","template":"","meta":{"footnotes":""},"class_list":["post-293","page","type-page","status-publish","hentry"],"_links":{"self":[{"href":"https:\/\/baitrima.de\/de\/wp-json\/wp\/v2\/pages\/293","targetHints":{"allow":["GET"]}}],"collection":[{"href":"https:\/\/baitrima.de\/de\/wp-json\/wp\/v2\/pages"}],"about":[{"href":"https:\/\/baitrima.de\/de\/wp-json\/wp\/v2\/types\/page"}],"author":[{"embeddable":true,"href":"https:\/\/baitrima.de\/de\/wp-json\/wp\/v2\/users\/1"}],"replies":[{"embeddable":true,"href":"https:\/\/baitrima.de\/de\/wp-json\/wp\/v2\/comments?post=293"}],"version-history":[{"count":9,"href":"https:\/\/baitrima.de\/de\/wp-json\/wp\/v2\/pages\/293\/revisions"}],"predecessor-version":[{"id":1299,"href":"https:\/\/baitrima.de\/de\/wp-json\/wp\/v2\/pages\/293\/revisions\/1299"}],"wp:attachment":[{"href":"https:\/\/baitrima.de\/de\/wp-json\/wp\/v2\/media?parent=293"}],"curies":[{"name":"wp","href":"https:\/\/api.w.org\/{rel}","templated":true}]}}