{"id":292,"date":"2017-06-10T08:21:56","date_gmt":"2017-06-10T08:21:56","guid":{"rendered":"http:\/\/xtratheme.combusiness-2\/?page_id=4"},"modified":"2025-08-15T16:01:25","modified_gmt":"2025-08-15T16:01:25","slug":"home","status":"publish","type":"page","link":"https:\/\/baitrima.de\/de\/","title":{"rendered":"Heim"},"content":{"rendered":"<div class=\"wpb-content-wrapper\"><p>[vc_row css=&#8220;.vc_custom_1752321115318{margin-top: 30px !important;}&#8220;][vc_column width=&#8220;1\/2&#8243; offset=&#8220;vc_col-lg-3&#8243;]<div class=\"cz_wrap clr\"><div class=\"cz_eqh cz_content_box_parent_fx  \"><div class=\"fx_shine_hover\"><div id=\"cz_41770\" class=\"cz_41770 cz_content_box clr\"><style class=\"cz_d_css\" data-noptimize>#cz_41770 .cz_box_front_inner{background-size:cover;background-color:transparent;background-image:linear-gradient(0deg,#000000,rgba(10,10,10,0.01)),url(http:\/\/baitrima.de\/wp-content\/uploads\/2025\/06\/IMG_20220731_232519_992.jpg);margin-bottom:20px;border-radius:6px;box-shadow:0px 10px 35px 0px rgba(10,10,10,0.5)}<\/style><style class=\"cz_m_css\" data-noptimize>@media screen and (max-width:480px){#cz_41770 .cz_box_front_inner{margin-top:50px}}<\/style><div class=\"cz_box_front clr\"><div class=\"cz_box_front_inner clr \"><span><\/span><div><div class=\"cz_gap clr \" style=\"height: 220px\"><\/div><div class=\"cz_wrap clr\"><div id=\"cz_47034\" class=\"cz_47034 cz_title clr cz_title_ba_line cz_title_pos_inline tac\"><style class=\"cz_d_css\" data-noptimize>#cz_47034 .cz_title_content{margin-bottom:10px}#cz_47034 .cz_title_line span,#cz_47034 .cz_line_side_solo{background-color:#84592e;top:-2px}<\/style><div class=\"cz_title_content\"><div class=\"cz_wpe_content\"><h3 style=\"text-align: center;\"><span style=\"font-size: 30px;\">Event Catering<\/span><\/h3>\n<p style=\"text-align: center;\"><span style=\"color: #aaaaaa;\">unvergleichliches Catering-Erlebnis<\/span><\/p>\n<\/div><div class=\"cz_title_line cz_line_after_title\"><span>_<\/span><\/div><\/div><\/div><script>if( typeof Codevz_Plus !== \"undefined\" ) {setTimeout( function() {if( typeof Codevz_Plus.title !== \"undefined\" ) {Codevz_Plus.title();}jQuery( window ).trigger( \"scroll.codevz\" ).trigger( \"scroll.lazyload\" );}, 10 );}<\/script><\/div><div class=\"cz_gap clr \" style=\"height: 20px\"><\/div><div class=\"cz_wrap clr\"><div class=\"cz_btn_center\"><style class=\"cz_d_css\" data-noptimize>#cz_69377, #cz_69377:before{font-size:14px;color:#84592e;font-weight:700;background-color:#ffffff;padding:6px 30px 7px;border-radius:6px}#cz_69377:hover, #cz_69377:after{color:#ffffff;background-color:#84592e}<\/style><div class=\"cz_69377_p\"><a id=\"cz_69377\" class=\"cz_69377 cz_btn cz_btn_txt_move_right cz_btn_fill_right cz_btn_icon_after\" href=\"https:\/\/baitrima.de\/de\/event-catering\/\" title=\"Event Catering\" aria-label=\"Event Catering\"><span><strong>Weitere Details<\/strong><i class=\"fa fa-angle-double-right\"><\/i><\/span><b class=\"cz_btn_onhover\"><strong>Let's check it<\/strong><i class=\"fa fa-angle-double-right\"><\/i><\/b><\/a><\/div><\/div><script>if( typeof Codevz_Plus !== \"undefined\" ) {setTimeout( function() {jQuery( window ).trigger( \"scroll.codevz\" ).trigger( \"scroll.lazyload\" );}, 10 );}<\/script><\/div><div class=\"cz_gap clr \" style=\"height: 20px\"><\/div><\/div><\/div><\/div><\/div><\/div><\/div><script>if( typeof Codevz_Plus !== \"undefined\" ) {setTimeout( function() {Codevz_Plus.content_box( true );if( typeof Codevz_Plus.tilt !== \"undefined\" ) {Codevz_Plus.tilt();}jQuery( window ).trigger( \"scroll.codevz\" ).trigger( \"scroll.lazyload\" );}, 10 );}<\/script><\/div>[\/vc_column][vc_column width=&#8220;1\/2&#8243; offset=&#8220;vc_col-lg-3&#8243;]<div class=\"cz_wrap clr\"><div class=\"cz_eqh cz_content_box_parent_fx  \"><div class=\"fx_shine_hover\"><div id=\"cz_73610\" class=\"cz_73610 cz_content_box clr\"><style class=\"cz_d_css\" data-noptimize>#cz_73610 .cz_box_front_inner{background-size:cover;background-color:transparent;background-image:linear-gradient(0deg,#000000,rgba(0,0,0,0.01)),url(http:\/\/baitrima.de\/wp-content\/uploads\/2025\/06\/20220411_230740.jpg);margin-bottom:20px;border-radius:6px;box-shadow:0px 10px 35px 0px rgba(10,10,10,0.5)}<\/style><div class=\"cz_box_front clr\"><div class=\"cz_box_front_inner clr \"><span><\/span><div><div class=\"cz_gap clr \" style=\"height: 220px\"><\/div><div class=\"cz_wrap clr\"><div id=\"cz_51183\" class=\"cz_51183 cz_title clr cz_title_ba_line cz_title_pos_inline tac\"><style class=\"cz_d_css\" data-noptimize>#cz_51183 .cz_title_content{margin-bottom:10px}#cz_51183 .cz_title_line span,#cz_51183 .cz_line_side_solo{background-color:#84592e;top:-2px}<\/style><div class=\"cz_title_content\"><div class=\"cz_wpe_content\"><h3 style=\"text-align: center;\"><span style=\"font-size: 30px;\">Private Dining<\/span><\/h3>\n<p style=\"text-align: center;\"><span style=\"color: #aaaaaa;\">Hausgemachte Gerichte aus dem Nahen Osten <\/span><\/p>\n<\/div><div class=\"cz_title_line cz_line_after_title\"><span>_<\/span><\/div><\/div><\/div><script>if( typeof Codevz_Plus !== \"undefined\" ) {setTimeout( function() {if( typeof Codevz_Plus.title !== \"undefined\" ) {Codevz_Plus.title();}jQuery( window ).trigger( \"scroll.codevz\" ).trigger( \"scroll.lazyload\" );}, 10 );}<\/script><\/div><div class=\"cz_gap clr \" style=\"height: 20px\"><\/div><div class=\"cz_wrap clr\"><div class=\"cz_btn_center\"><style class=\"cz_d_css\" data-noptimize>#cz_43782, #cz_43782:before{font-size:14px;color:#84592e;font-weight:700;background-color:#ffffff;padding:6px 30px 7px;border-radius:6px}#cz_43782:hover, #cz_43782:after{color:#ffffff;background-color:#84592e}<\/style><div class=\"cz_43782_p\"><a id=\"cz_43782\" class=\"cz_43782 cz_btn cz_btn_txt_move_right cz_btn_fill_right cz_btn_icon_after\" href=\"https:\/\/baitrima.de\/de\/private-dining\/\" title=\"Private Dining\" aria-label=\"Private Dining\"><span><strong>Weitere Details<\/strong><i class=\"fa fa-angle-double-right\"><\/i><\/span><b class=\"cz_btn_onhover\"><strong>Let's check it<\/strong><i class=\"fa fa-angle-double-right\"><\/i><\/b><\/a><\/div><\/div><script>if( typeof Codevz_Plus !== \"undefined\" ) {setTimeout( function() {jQuery( window ).trigger( \"scroll.codevz\" ).trigger( \"scroll.lazyload\" );}, 10 );}<\/script><\/div><div class=\"cz_gap clr \" style=\"height: 20px\"><\/div><\/div><\/div><\/div><\/div><\/div><\/div><script>if( typeof Codevz_Plus !== \"undefined\" ) {setTimeout( function() {Codevz_Plus.content_box( true );if( typeof Codevz_Plus.tilt !== \"undefined\" ) {Codevz_Plus.tilt();}jQuery( window ).trigger( \"scroll.codevz\" ).trigger( \"scroll.lazyload\" );}, 10 );}<\/script><\/div>[\/vc_column][vc_column width=&#8220;1\/2&#8243; offset=&#8220;vc_col-lg-3&#8243;]<div class=\"cz_wrap clr\"><div class=\"cz_eqh cz_content_box_parent_fx  \"><div class=\"fx_shine_hover\"><div id=\"cz_29893\" class=\"cz_29893 cz_content_box clr\"><style class=\"cz_d_css\" data-noptimize>#cz_29893 .cz_box_front_inner{background-size:cover;background-color:transparent;background-image:linear-gradient(0deg,rgba(0,0,0,0.8),rgba(0,0,0,0.01)),url(http:\/\/baitrima.de\/wp-content\/uploads\/2025\/06\/08.jpeg);margin-bottom:20px;border-radius:6px;box-shadow:0px 10px 35px 0px rgba(10,10,10,0.5)}<\/style><div class=\"cz_box_front clr\"><div class=\"cz_box_front_inner clr \"><span><\/span><div><div class=\"cz_gap clr \" style=\"height: 220px\"><\/div><div class=\"cz_wrap clr\"><div id=\"cz_100495\" class=\"cz_100495 cz_title clr cz_title_ba_line cz_title_pos_inline tac\"><style class=\"cz_d_css\" data-noptimize>#cz_100495 .cz_title_content{margin-bottom:10px}#cz_100495 .cz_title_line span,#cz_100495 .cz_line_side_solo{background-color:#84592e;top:-2px}<\/style><div class=\"cz_title_content\"><div class=\"cz_wpe_content\"><h3 style=\"text-align: center;\"><span style=\"font-size: 30px;\">Mahlzeiten &#038; Lieferservice<\/span><\/h3>\n<p style=\"text-align: center;\"><span style=\"color: #aaaaaa;\">Genie\u00dfen Sie die Aromen von Bait Rima<\/span><\/p>\n<\/div><div class=\"cz_title_line cz_line_after_title\"><span>_<\/span><\/div><\/div><\/div><script>if( typeof Codevz_Plus !== \"undefined\" ) {setTimeout( function() {if( typeof Codevz_Plus.title !== \"undefined\" ) {Codevz_Plus.title();}jQuery( window ).trigger( \"scroll.codevz\" ).trigger( \"scroll.lazyload\" );}, 10 );}<\/script><\/div><div class=\"cz_gap clr \" style=\"height: 20px\"><\/div><div class=\"cz_wrap clr\"><div class=\"cz_btn_center\"><style class=\"cz_d_css\" data-noptimize>#cz_35845, #cz_35845:before{font-size:14px;color:#84592e;font-weight:700;background-color:#ffffff;padding:6px 30px 7px;border-radius:6px}#cz_35845:hover, #cz_35845:after{color:#ffffff;background-color:#84592e}<\/style><div class=\"cz_35845_p\"><a id=\"cz_35845\" class=\"cz_35845 cz_btn cz_btn_txt_move_right cz_btn_fill_right cz_btn_icon_after\" href=\"https:\/\/baitrima.de\/de\/meal-plans-delivery\/\" title=\"Meal Plans &amp; Delivery\" aria-label=\"Meal Plans &amp; Delivery\"><span><strong>Weitere Details<\/strong><i class=\"fa fa-angle-double-right\"><\/i><\/span><b class=\"cz_btn_onhover\"><strong>Let's check it<\/strong><i class=\"fa fa-angle-double-right\"><\/i><\/b><\/a><\/div><\/div><script>if( typeof Codevz_Plus !== \"undefined\" ) {setTimeout( function() {jQuery( window ).trigger( \"scroll.codevz\" ).trigger( \"scroll.lazyload\" );}, 10 );}<\/script><\/div><div class=\"cz_gap clr \" style=\"height: 20px\"><\/div><\/div><\/div><\/div><\/div><\/div><\/div><script>if( typeof Codevz_Plus !== \"undefined\" ) {setTimeout( function() {Codevz_Plus.content_box( true );if( typeof Codevz_Plus.tilt !== \"undefined\" ) {Codevz_Plus.tilt();}jQuery( window ).trigger( \"scroll.codevz\" ).trigger( \"scroll.lazyload\" );}, 10 );}<\/script><\/div>[\/vc_column][vc_column width=&#8220;1\/2&#8243; offset=&#8220;vc_col-lg-3&#8243;]<div class=\"cz_wrap clr\"><div class=\"cz_eqh cz_content_box_parent_fx  \"><div class=\"fx_shine_hover\"><div id=\"cz_41762\" class=\"cz_41762 cz_content_box clr\"><style class=\"cz_d_css\" data-noptimize>#cz_41762 .cz_box_front_inner{background-size:cover;background-color:transparent;background-image:linear-gradient(0deg,#000000,rgba(0,0,0,0.01)),url(http:\/\/baitrima.de\/wp-content\/uploads\/2025\/06\/FB_IMG_1678800541790.jpg);margin-bottom:20px;border-radius:6px;box-shadow:0px 10px 35px 0px rgba(10,10,10,0.5)}<\/style><div class=\"cz_box_front clr\"><div class=\"cz_box_front_inner clr \"><span><\/span><div><div class=\"cz_gap clr \" style=\"height: 220px\"><\/div><div class=\"cz_wrap clr\"><div id=\"cz_77700\" class=\"cz_77700 cz_title clr cz_title_ba_line cz_title_pos_inline tac\"><style class=\"cz_d_css\" data-noptimize>#cz_77700 .cz_title_content{margin-bottom:10px}#cz_77700 .cz_title_line span,#cz_77700 .cz_line_side_solo{background-color:#84592e;top:-2px}<\/style><div class=\"cz_title_content\"><div class=\"cz_wpe_content\"><h3 style=\"text-align: center;\"><span style=\"font-size: 30px;\">Individuelle Bestellungen<\/span><\/h3>\n<p style=\"text-align: center;\"><span style=\"color: #aaaaaa;\">Bei Beit Rima ist jeder Anlass<\/span><\/p>\n<p style=\"text-align: center;\"><span style=\"color: #aaaaaa;\"> einzigartig<br \/>\n<\/span><\/p>\n<\/div><div class=\"cz_title_line cz_line_after_title\"><span>_<\/span><\/div><\/div><\/div><script>if( typeof Codevz_Plus !== \"undefined\" ) {setTimeout( function() {if( typeof Codevz_Plus.title !== \"undefined\" ) {Codevz_Plus.title();}jQuery( window ).trigger( \"scroll.codevz\" ).trigger( \"scroll.lazyload\" );}, 10 );}<\/script><\/div><div class=\"cz_gap clr \" style=\"height: 20px\"><\/div><div class=\"cz_wrap clr\"><div class=\"cz_btn_center\"><style class=\"cz_d_css\" data-noptimize>#cz_28487, #cz_28487:before{font-size:14px;color:#84592e;font-weight:700;background-color:#ffffff;padding:6px 30px 7px;border-radius:6px}#cz_28487:hover, #cz_28487:after{color:#ffffff;background-color:#84592e}<\/style><div class=\"cz_28487_p\"><a id=\"cz_28487\" class=\"cz_28487 cz_btn cz_btn_txt_move_right cz_btn_fill_right cz_btn_icon_after\" href=\"https:\/\/baitrima.de\/de\/custom-orders\/\" title=\"Custom Orders\" aria-label=\"Custom Orders\"><span><strong>Weitere Details<\/strong><i class=\"fa fa-angle-double-right\"><\/i><\/span><b class=\"cz_btn_onhover\"><strong>Let's check it<\/strong><i class=\"fa fa-angle-double-right\"><\/i><\/b><\/a><\/div><\/div><script>if( typeof Codevz_Plus !== \"undefined\" ) {setTimeout( function() {jQuery( window ).trigger( \"scroll.codevz\" ).trigger( \"scroll.lazyload\" );}, 10 );}<\/script><\/div><div class=\"cz_gap clr \" style=\"height: 20px\"><\/div><\/div><\/div><\/div><\/div><\/div><\/div><script>if( typeof Codevz_Plus !== \"undefined\" ) {setTimeout( function() {Codevz_Plus.content_box( true );if( typeof Codevz_Plus.tilt !== \"undefined\" ) {Codevz_Plus.tilt();}jQuery( window ).trigger( \"scroll.codevz\" ).trigger( \"scroll.lazyload\" );}, 10 );}<\/script><\/div>[\/vc_column][\/vc_row][vc_row][vc_column]<div class=\"cz_gap clr \" style=\"height: 50px\"><\/div>[\/vc_column][vc_column]<div class=\"cz_wrap clr\"><div id=\"cz_75559\" class=\"cz_75559 cz_title clr cz_title_pos_inline tac\"><style class=\"cz_d_css\" data-noptimize>#cz_75559 .cz_title_content{margin-bottom:40px}<\/style><div class=\"cz_title_content\"><div class=\"cz_wpe_content\"><h3 style=\"text-align: center;\"><span style=\"font-size: 32px; color: #84592e;\">Authentizit\u00e4t \u2013 Qualit\u00e4t \u2013 Gemeinschaft und Nachhaltigkeit <\/span><\/h3>\n<\/div><\/div><\/div><script>if( typeof Codevz_Plus !== \"undefined\" ) {setTimeout( function() {if( typeof Codevz_Plus.title !== \"undefined\" ) {Codevz_Plus.title();}jQuery( window ).trigger( \"scroll.codevz\" ).trigger( \"scroll.lazyload\" );}, 10 );}<\/script><\/div><div class=\"cz_wrap clr\"><div id=\"cz_42471\" class=\"cz_42471 cz_title clr cz_title_pos_inline tac\"><style class=\"cz_d_css\" data-noptimize>#cz_42471 .cz_title_content{margin-bottom:30px}<\/style><div class=\"cz_title_content\"><div class=\"cz_wpe_content\"><p style=\"text-align: center;\"><span style=\"line-height: 2; font-size: 26px;\"><span style=\"font-weight: 300;\"><span style=\"font-size: 28px;\">Bei <span class=\"cz_underline cz_underline_dashed\" style=\"margin: 0px 2px; padding: 1px 0px 2px; border-bottom: 1px dashed;\"><strong>Bait Rima<\/strong><\/span>\u2122 sind wir darauf spezialisiert, Ihren Veranstaltungen und Zusammenk\u00fcnften authentische Aromen des Nahen Ostens zu verleihen.<\/span> <\/span><\/span><\/p>\n<p>&nbsp;<\/p>\n<\/div><\/div><\/div><script>if( typeof Codevz_Plus !== \"undefined\" ) {setTimeout( function() {if( typeof Codevz_Plus.title !== \"undefined\" ) {Codevz_Plus.title();}jQuery( window ).trigger( \"scroll.codevz\" ).trigger( \"scroll.lazyload\" );}, 10 );}<\/script><\/div><div class=\"cz_gap clr \" style=\"height: 40px\"><\/div>[\/vc_column][\/vc_row][vc_row][vc_column]<div class=\"cz_gap clr  hide_on_tablet hide_on_mobile\" style=\"height: 60px\"><\/div><div class=\"cz_gap show_on_tablet clr \" style=\"height: 40px\"><\/div><div class=\"cz_wrap clr\"><div id=\"cz_71640\" class=\"cz_71640 cz_title clr cz_title_pos_inline tac\"><div class=\"cz_title_content\"><div class=\"cz_wpe_content\"><h3 style=\"text-align: center;\"><span style=\"font-size: 34px;\">Wir sind Profis in unseren F\u00e4higkeiten<br \/>\n<\/span><\/h3>\n<\/div><\/div><\/div><script>if( typeof Codevz_Plus !== \"undefined\" ) {setTimeout( function() {if( typeof Codevz_Plus.title !== \"undefined\" ) {Codevz_Plus.title();}jQuery( window ).trigger( \"scroll.codevz\" ).trigger( \"scroll.lazyload\" );}, 10 );}<\/script><\/div><div class=\"cz_gap clr  hide_on_tablet hide_on_mobile\" style=\"height: 60px\"><\/div><div class=\"cz_gap show_on_tablet clr \" style=\"height: 40px\"><\/div><div class=\"cz_wrap clr\"><div id=\"cz_107131\" class=\"cz_107131 cz_testimonials cz_testimonials_s7\"><style class=\"cz_d_css\" data-noptimize>#cz_107131.cz_testimonials_bottom_arrow .cz_testimonials_content:after{border-top-color: rgba(167,167,167,0.1)}#cz_107131.cz_testimonials_top_arrow .cz_testimonials_content:after{border-left-color: rgba(167,167,167,0.1)}<\/style><div class=\"cz_testimonials_content\"><div class=\"cz_testimonials_meta cz_tes_only_meta mb20\"><\/div><div class=\"cz_wpe_content\"><em>\u201eBait Rima hat unserer Hochzeit einen Hauch von Heimat verliehen! Jeder Bissen war voller Geschmack und Liebe.\u201c<br \/>\n<\/em><\/div><div class=\"cz_testimonials_meta cz_tes_only_meta mt20\"><div class=\"cz_testimonials_name_subname\"><div class=\"cz_testimonials_name\">Sally & Mark<\/div><div class=\"cz_testimonials_subname\">Businessman<\/div><\/div><\/div><\/div><\/div><script>if( typeof Codevz_Plus !== \"undefined\" ) {setTimeout( function() {jQuery( window ).trigger( \"scroll.codevz\" ).trigger( \"scroll.lazyload\" );}, 10 );}<\/script><\/div>[vc_separator]<div class=\"cz_wrap clr\"><div id=\"cz_56217\" class=\"cz_56217 cz_testimonials cz_testimonials_s7\"><style class=\"cz_d_css\" data-noptimize>#cz_56217.cz_testimonials_bottom_arrow .cz_testimonials_content:after{border-top-color: rgba(167,167,167,0.1)}#cz_56217.cz_testimonials_top_arrow .cz_testimonials_content:after{border-left-color: rgba(167,167,167,0.1)}<\/style><div class=\"cz_testimonials_content\"><div class=\"cz_testimonials_meta cz_tes_only_meta mb20\"><\/div><div class=\"cz_wpe_content\"><em>\u201eIhr Catering-Service war einwandfrei \u2013 authentisch, k\u00f6stlich und wundersch\u00f6n pr\u00e4sentiert.\u201c<br \/>\n<\/em><\/div><div class=\"cz_testimonials_meta cz_tes_only_meta mt20\"><div class=\"cz_testimonials_name_subname\"><div class=\"cz_testimonials_name\">Sarah K.<\/div><\/div><\/div><\/div><\/div><script>if( typeof Codevz_Plus !== \"undefined\" ) {setTimeout( function() {jQuery( window ).trigger( \"scroll.codevz\" ).trigger( \"scroll.lazyload\" );}, 10 );}<\/script><\/div>[vc_separator]<div class=\"cz_wrap clr\"><div id=\"cz_62827\" class=\"cz_62827 cz_testimonials cz_testimonials_s7\"><style class=\"cz_d_css\" data-noptimize>#cz_62827.cz_testimonials_bottom_arrow .cz_testimonials_content:after{border-top-color: rgba(167,167,167,0.1)}#cz_62827.cz_testimonials_top_arrow .cz_testimonials_content:after{border-left-color: rgba(167,167,167,0.1)}<\/style><div class=\"cz_testimonials_content\"><div class=\"cz_testimonials_meta cz_tes_only_meta mb20\"><\/div><div class=\"cz_wpe_content\"><em>\u201eDas beste nah\u00f6stliche Essen, das wir in Deutschland gegessen haben! Sehr empfehlenswert.\u201c<br \/>\n<\/em><\/div><div class=\"cz_testimonials_meta cz_tes_only_meta mt20\"><div class=\"cz_testimonials_name_subname\"><div class=\"cz_testimonials_name\">Ahmed R.<\/div><\/div><\/div><\/div><\/div><script>if( typeof Codevz_Plus !== \"undefined\" ) {setTimeout( function() {jQuery( window ).trigger( \"scroll.codevz\" ).trigger( \"scroll.lazyload\" );}, 10 );}<\/script><\/div>[vc_separator][\/vc_column][\/vc_row]<\/p>\n<\/div>","protected":false},"excerpt":{"rendered":"<p>[vc_row css=&#8220;.vc_custom_1752321115318{margin-top: 30px !important;}&#8220;][vc_column width=&#8220;1\/2&#8243; offset=&#8220;vc_col-lg-3&#8243;][\/vc_column][vc_column width=&#8220;1\/2&#8243; offset=&#8220;vc_col-lg-3&#8243;][\/vc_column][vc_column width=&#8220;1\/2&#8243; offset=&#8220;vc_col-lg-3&#8243;][\/vc_column][vc_column width=&#8220;1\/2&#8243; &#8230; <\/p>\n","protected":false},"author":1,"featured_media":0,"parent":0,"menu_order":0,"comment_status":"closed","ping_status":"closed","template":"","meta":{"footnotes":""},"class_list":["post-292","page","type-page","status-publish","hentry"],"_links":{"self":[{"href":"https:\/\/baitrima.de\/de\/wp-json\/wp\/v2\/pages\/292","targetHints":{"allow":["GET"]}}],"collection":[{"href":"https:\/\/baitrima.de\/de\/wp-json\/wp\/v2\/pages"}],"about":[{"href":"https:\/\/baitrima.de\/de\/wp-json\/wp\/v2\/types\/page"}],"author":[{"embeddable":true,"href":"https:\/\/baitrima.de\/de\/wp-json\/wp\/v2\/users\/1"}],"replies":[{"embeddable":true,"href":"https:\/\/baitrima.de\/de\/wp-json\/wp\/v2\/comments?post=292"}],"version-history":[{"count":10,"href":"https:\/\/baitrima.de\/de\/wp-json\/wp\/v2\/pages\/292\/revisions"}],"predecessor-version":[{"id":1306,"href":"https:\/\/baitrima.de\/de\/wp-json\/wp\/v2\/pages\/292\/revisions\/1306"}],"wp:attachment":[{"href":"https:\/\/baitrima.de\/de\/wp-json\/wp\/v2\/media?parent=292"}],"curies":[{"name":"wp","href":"https:\/\/api.w.org\/{rel}","templated":true}]}}