{"id":14,"date":"2025-06-13T10:47:38","date_gmt":"2025-06-13T10:47:38","guid":{"rendered":"http:\/\/baitrima.de\/?page_id=14"},"modified":"2025-08-15T14:46:17","modified_gmt":"2025-08-15T14:46:17","slug":"bait-rima","status":"publish","type":"page","link":"https:\/\/baitrima.de\/de\/bait-rima\/","title":{"rendered":"Bait Rima"},"content":{"rendered":"<div class=\"wpb-content-wrapper\"><p>[vc_row][vc_column width=&#8220;1\/2&#8243;][vc_column_text]<strong>Bait Rima<\/strong> ist mehr als nur ein Catering-Service \u2013 es ist eine Reise durch die reichen und geschmackvollen Traditionen des Nahen Ostens. Gegr\u00fcndet von Khalil und Rima, einem leidenschaftlichen Duo mit tiefen syrisch-pal\u00e4stinensischen Wurzeln, ist es unsere Mission, authentische levantinische K\u00fcche auf Ihren Tisch zu bringen.<br \/>\nInspiriert von der Herzlichkeit famili\u00e4rer Zusammenk\u00fcnfte und den Aromen hausgemachter Gerichte, kreieren wir Speisen, die die reiche kulinarische Geschichte unserer Vorfahren feiern.<\/p>\n<p>Khalil, geboren in Damaskus, und Rima, urspr\u00fcnglich aus dem pal\u00e4stinensischen Dorf Bait Rima, wuchsen umgeben vom Duft frisch gebackenen Brotes, langsam gekochter Eint\u00f6pfe und lebendiger Gew\u00fcrze auf. Mit jahrelanger Erfahrung in der K\u00fcche f\u00fcr Freunde, Familie und besondere Anl\u00e4sse beschlossen sie, ihre Liebe zur K\u00fcche des Nahen Ostens mit der Welt zu teilen. So wurde <strong>Bait Rima<\/strong> geboren \u2013 eine Hommage an Herkunft, Geschmack und Tradition.[\/vc_column_text][\/vc_column][vc_column width=&#8220;1\/2&#8243;][vc_single_image image=&#8220;9&#8243; img_size=&#8220;large&#8220; css=&#8220;.vc_custom_1752571192638{margin-top: 30px !important;}&#8220;][\/vc_column][\/vc_row]<\/p>\n<\/div>","protected":false},"excerpt":{"rendered":"<p>[vc_row][vc_column width=&#8220;1\/2&#8243;][vc_column_text]Bait Rima ist mehr als nur ein Catering-Service \u2013 es &#8230; <\/p>\n","protected":false},"author":1,"featured_media":0,"parent":0,"menu_order":0,"comment_status":"closed","ping_status":"closed","template":"","meta":{"footnotes":""},"class_list":["post-14","page","type-page","status-publish","hentry"],"_links":{"self":[{"href":"https:\/\/baitrima.de\/de\/wp-json\/wp\/v2\/pages\/14","targetHints":{"allow":["GET"]}}],"collection":[{"href":"https:\/\/baitrima.de\/de\/wp-json\/wp\/v2\/pages"}],"about":[{"href":"https:\/\/baitrima.de\/de\/wp-json\/wp\/v2\/types\/page"}],"author":[{"embeddable":true,"href":"https:\/\/baitrima.de\/de\/wp-json\/wp\/v2\/users\/1"}],"replies":[{"embeddable":true,"href":"https:\/\/baitrima.de\/de\/wp-json\/wp\/v2\/comments?post=14"}],"version-history":[{"count":9,"href":"https:\/\/baitrima.de\/de\/wp-json\/wp\/v2\/pages\/14\/revisions"}],"predecessor-version":[{"id":1289,"href":"https:\/\/baitrima.de\/de\/wp-json\/wp\/v2\/pages\/14\/revisions\/1289"}],"wp:attachment":[{"href":"https:\/\/baitrima.de\/de\/wp-json\/wp\/v2\/media?parent=14"}],"curies":[{"name":"wp","href":"https:\/\/api.w.org\/{rel}","templated":true}]}}