{"id":1260,"date":"2025-08-15T11:11:54","date_gmt":"2025-08-15T11:11:54","guid":{"rendered":"https:\/\/baitrima.de\/?page_id=1260"},"modified":"2025-08-15T15:06:28","modified_gmt":"2025-08-15T15:06:28","slug":"cooking-courses","status":"publish","type":"page","link":"https:\/\/baitrima.de\/de\/cooking-courses\/","title":{"rendered":"Cooking Courses"},"content":{"rendered":"<div class=\"wpb-content-wrapper\"><p>[vc_row][vc_column width=&#8220;1\/2&#8243;][vc_column_text]<\/p>\n<h2>Bait Rima Kochkurse<\/h2>\n<p>&nbsp;<\/p>\n<p>Nehmen Sie an unseren besonderen Kochkursen teil und entdecken Sie die Geheimnisse der orientalischen K\u00fcche. Unter Anleitung eines professionellen Kochs lernen Sie Schritt f\u00fcr Schritt, k\u00f6stliche Gerichte zuzubereiten \u2013 ein Erlebnis voller Geschmack und Kreativit\u00e4t.<\/p>\n<p>\u2728 Bereit f\u00fcr ein unvergessliches Kocherlebnis?<br \/>\nMachen Sie mit bei unseren besonderen Kochkursen und entdecken Sie die Geheimnisse der orientalischen K\u00fcche .<\/p>\n<p style=\"text-align: center;\">\n\ud83d\udcc5 Flexible Termine \u2013 \ud83e\udd58 Vielf\u00e4ltige Gerichte \u2013 \ud83c\udf89 Tolle Atmosph\u00e4re<\/p>\n<p>Buchen Sie jetzt Ihren Platz und starten Sie Ihre kulinarische Reise!~[\/vc_column_text]<div class=\"cz_wrap clr\"><div class=\"cz_btn_center\"><style class=\"cz_d_css\" data-noptimize>#cz_82816 i{font-size:22px;color:#7ce504}<\/style><div class=\"cz_82816_p\"><a id=\"cz_82816\" class=\"cz_82816 cz_btn cz_btn_txt_no_fx cz_btn_shine cz_btn_icon_after\" href=\"https:\/\/wa.me\/+4917620133217\" target=\"_blank\"><span><strong>Rufen Sie uns an, um Ihre Kochkurse zu buchen<\/strong><i class=\"fa czico-013-whatsapp-logo\"><\/i><\/span><b class=\"cz_btn_onhover\"><strong>Rufen Sie uns an, um Ihre Kochkurse zu buchen<\/strong><i class=\"fa czico-013-whatsapp-logo\"><\/i><\/b><\/a><\/div><\/div><script>if( typeof Codevz_Plus !== \"undefined\" ) {setTimeout( function() {jQuery( window ).trigger( \"scroll.codevz\" ).trigger( \"scroll.lazyload\" );}, 10 );}<\/script><\/div>[\/vc_column][vc_column width=&#8220;1\/2&#8243;][vc_single_image image=&#8220;1264&#8243; img_size=&#8220;large&#8220; css=&#8220;.vc_custom_1755258186022{margin-top: 30px !important;}&#8220;][\/vc_column][\/vc_row][vc_row][vc_column]<div class=\"cz_wrap clr\"><div id=\"cz_42717\" class=\"cz_grid_p cz_42717\"><div class=\"cz_grid cz_grid_1 clr cz_grid_c4 cz_grid_1_no_title cz_grid_1_mid tac\"><div class=\"cz_grid_item cz_grid_first\"><\/div><div class=\"cz_grid_item \"><div><a class=\"cz_grid_link \" href=\"https:\/\/baitrima.de\/wp-content\/uploads\/2025\/08\/C2-rotated.jpg\" data-xtra-lightbox><img decoding=\"async\" width=\"600\" height=\"600\" src=\"https:\/\/baitrima.de\/wp-content\/uploads\/2025\/08\/C2-600x600.jpg\" class=\"attachment-codevz_600_600\" alt=\"\" title=\"C2\" srcset=\"https:\/\/baitrima.de\/wp-content\/uploads\/2025\/08\/C2-600x600.jpg 600w, https:\/\/baitrima.de\/wp-content\/uploads\/2025\/08\/C2-150x150.jpg 150w, https:\/\/baitrima.de\/wp-content\/uploads\/2025\/08\/C2-100x100.jpg 100w\" sizes=\"(max-width: 600px) 100vw, 600px\" \/><div class=\"cz_grid_details\"><i class=\"fa fa-search cz_grid_icon\"><\/i><\/div><\/a><\/div><\/div><div class=\"cz_grid_item \"><div><a class=\"cz_grid_link \" href=\"https:\/\/baitrima.de\/wp-content\/uploads\/2025\/08\/C3-rotated.jpg\" data-xtra-lightbox><img decoding=\"async\" width=\"600\" height=\"600\" src=\"https:\/\/baitrima.de\/wp-content\/uploads\/2025\/08\/C3-600x600.jpg\" class=\"attachment-codevz_600_600\" alt=\"\" title=\"C3\" srcset=\"https:\/\/baitrima.de\/wp-content\/uploads\/2025\/08\/C3-600x600.jpg 600w, https:\/\/baitrima.de\/wp-content\/uploads\/2025\/08\/C3-150x150.jpg 150w, https:\/\/baitrima.de\/wp-content\/uploads\/2025\/08\/C3-100x100.jpg 100w\" sizes=\"(max-width: 600px) 100vw, 600px\" \/><div class=\"cz_grid_details\"><i class=\"fa fa-search cz_grid_icon\"><\/i><\/div><\/a><\/div><\/div><div class=\"cz_grid_item \"><div><a class=\"cz_grid_link \" href=\"https:\/\/baitrima.de\/wp-content\/uploads\/2025\/08\/C4.jpg\" data-xtra-lightbox><img decoding=\"async\" width=\"600\" height=\"600\" src=\"https:\/\/baitrima.de\/wp-content\/uploads\/2025\/08\/C4-600x600.jpg\" class=\"attachment-codevz_600_600\" alt=\"\" title=\"C4\" srcset=\"https:\/\/baitrima.de\/wp-content\/uploads\/2025\/08\/C4-600x600.jpg 600w, https:\/\/baitrima.de\/wp-content\/uploads\/2025\/08\/C4-150x150.jpg 150w, https:\/\/baitrima.de\/wp-content\/uploads\/2025\/08\/C4-100x100.jpg 100w\" sizes=\"(max-width: 600px) 100vw, 600px\" \/><div class=\"cz_grid_details\"><i class=\"fa fa-search cz_grid_icon\"><\/i><\/div><\/a><\/div><\/div><div class=\"cz_grid_item \"><div><a class=\"cz_grid_link \" href=\"https:\/\/baitrima.de\/wp-content\/uploads\/2025\/08\/C5.jpg\" data-xtra-lightbox><img decoding=\"async\" width=\"600\" height=\"600\" src=\"https:\/\/baitrima.de\/wp-content\/uploads\/2025\/08\/C5-600x600.jpg\" class=\"attachment-codevz_600_600\" alt=\"\" title=\"C5\" srcset=\"https:\/\/baitrima.de\/wp-content\/uploads\/2025\/08\/C5-600x600.jpg 600w, https:\/\/baitrima.de\/wp-content\/uploads\/2025\/08\/C5-150x150.jpg 150w, https:\/\/baitrima.de\/wp-content\/uploads\/2025\/08\/C5-100x100.jpg 100w\" sizes=\"(max-width: 600px) 100vw, 600px\" \/><div class=\"cz_grid_details\"><i class=\"fa fa-search cz_grid_icon\"><\/i><\/div><\/a><\/div><\/div><\/div><\/div><script>if( typeof Codevz_Plus !== \"undefined\" ) {setTimeout( function() {Codevz_Plus.grid( true );if( typeof Codevz_Plus.tilt !== \"undefined\" ) {Codevz_Plus.tilt();}jQuery( window ).trigger( \"scroll.codevz\" ).trigger( \"scroll.lazyload\" );}, 10 );}<\/script><\/div>[\/vc_column][\/vc_row]<\/p>\n<\/div>","protected":false},"excerpt":{"rendered":"<p>[vc_row][vc_column width=&#8220;1\/2&#8243;][vc_column_text] Bait Rima Kochkurse &nbsp; Nehmen Sie an unseren besonderen &#8230; <\/p>\n","protected":false},"author":1,"featured_media":0,"parent":0,"menu_order":0,"comment_status":"closed","ping_status":"closed","template":"","meta":{"footnotes":""},"class_list":["post-1260","page","type-page","status-publish","hentry"],"_links":{"self":[{"href":"https:\/\/baitrima.de\/de\/wp-json\/wp\/v2\/pages\/1260","targetHints":{"allow":["GET"]}}],"collection":[{"href":"https:\/\/baitrima.de\/de\/wp-json\/wp\/v2\/pages"}],"about":[{"href":"https:\/\/baitrima.de\/de\/wp-json\/wp\/v2\/types\/page"}],"author":[{"embeddable":true,"href":"https:\/\/baitrima.de\/de\/wp-json\/wp\/v2\/users\/1"}],"replies":[{"embeddable":true,"href":"https:\/\/baitrima.de\/de\/wp-json\/wp\/v2\/comments?post=1260"}],"version-history":[{"count":6,"href":"https:\/\/baitrima.de\/de\/wp-json\/wp\/v2\/pages\/1260\/revisions"}],"predecessor-version":[{"id":1294,"href":"https:\/\/baitrima.de\/de\/wp-json\/wp\/v2\/pages\/1260\/revisions\/1294"}],"wp:attachment":[{"href":"https:\/\/baitrima.de\/de\/wp-json\/wp\/v2\/media?parent=1260"}],"curies":[{"name":"wp","href":"https:\/\/api.w.org\/{rel}","templated":true}]}}