{"id":1248,"date":"2025-08-15T10:16:52","date_gmt":"2025-08-15T10:16:52","guid":{"rendered":"https:\/\/baitrima.de\/?page_id=1248"},"modified":"2025-08-20T12:23:24","modified_gmt":"2025-08-20T12:23:24","slug":"our-menu","status":"publish","type":"page","link":"https:\/\/baitrima.de\/de\/our-menu\/","title":{"rendered":"Our Menu"},"content":{"rendered":"<div class=\"wpb-content-wrapper\"><p>[vc_row][vc_column]<div class=\"cz_gap clr \" style=\"height: 50px\"><\/div><div class=\"cz_gap clr \" style=\"height: 50px\"><\/div><div class=\"cz_wrap clr\"><div id=\"cz_98718\" class=\"cz_98718 cz_title clr cz_mobile_text_center cz_title_pos_inline tac\"><style class=\"cz_d_css\" data-noptimize>#cz_98718 .cz_title_content{margin-bottom:40px}<\/style><div class=\"cz_title_content\"><div class=\"cz_wpe_content\"><h3 style=\"text-align: center;\"><span style=\"font-size: 36px;\">Unser Men\u00fc<\/span><\/h3>\n<\/div><\/div><\/div><script>if( typeof Codevz_Plus !== \"undefined\" ) {setTimeout( function() {if( typeof Codevz_Plus.title !== \"undefined\" ) {Codevz_Plus.title();}jQuery( window ).trigger( \"scroll.codevz\" ).trigger( \"scroll.lazyload\" );}, 10 );}<\/script><\/div><div class=\"cz_gap clr \" style=\"height: 50px\"><\/div>[\/vc_column][\/vc_row][vc_row][vc_column width=&#8220;1\/2&#8243;]<div class=\"cz_wrap clr\"><div id=\"cz_30485\" class=\"cz_30485 cz_title clr cz_title_pos_inline\"><div class=\"cz_title_content\"><div class=\"cz_wpe_content\"><h3><strong>Mezze-Platten<\/strong><\/h3>\n<\/div><\/div><\/div><script>if( typeof Codevz_Plus !== \"undefined\" ) {setTimeout( function() {if( typeof Codevz_Plus.title !== \"undefined\" ) {Codevz_Plus.title();}jQuery( window ).trigger( \"scroll.codevz\" ).trigger( \"scroll.lazyload\" );}, 10 );}<\/script><\/div><div class=\"cz_gap clr \" style=\"height: 25px\"><\/div><div class=\"cz_wrap clr\"><div id=\"cz_32339\" class=\"cz_32339 cz_wh cz_wh_line_between\"><style class=\"cz_d_css\" data-noptimize>#cz_32339{padding-right:15px;padding-left:15px}#cz_32339 .cz_wh_left{font-size:20px}#cz_32339 .cz_wh_sub{font-size:14px}#cz_32339 .cz_wh_right{font-size:20px;color:#ffffff;font-weight:900}#cz_32339 small{font-size:12px;line-height:1em;background-color:#84592e;margin-top:10px}#cz_32339 .cz_wh_line{margin-top:-28px;border-style:dashed;border-color:rgba(255,255,255,0.4)}<\/style><div class=\"mb10 last0 clr\"><div class=\"clr\"><span class=\"cz_wh_left\"><i class=\"fa czico-074-tick-inside-circle mr8\"><\/i><b>Hummus<\/b><span class=\"cz_wh_sub\">Kichererbsen, Tahini, Zitrone, Oliven\u00f6l<\/span><\/span><\/div><div class=\"cz_wh_line\"><\/div><\/div><div class=\"mb10 last0 clr\"><div class=\"clr\"><span class=\"cz_wh_left\"><i class=\"fa czico-074-tick-inside-circle mr8\"><\/i><b>Baba Ghanoush<\/b><span class=\"cz_wh_sub\">Ger\u00f6stete Auberginen, Tahini, Knoblauch, Zitrone<\/span><\/span><\/div><div class=\"cz_wh_line\"><\/div><\/div><div class=\"mb10 last0 clr\"><div class=\"clr\"><span class=\"cz_wh_left\"><i class=\"fa czico-074-tick-inside-circle mr8\"><\/i><b>Muhammara<\/b><span class=\"cz_wh_sub\">Rote Paprika, Waln\u00fcsse, Semmelbr\u00f6sel, Granatapfel<\/span><\/span><\/div><div class=\"cz_wh_line\"><\/div><\/div><div class=\"mb10 last0 clr\"><div class=\"clr\"><span class=\"cz_wh_left\"><i class=\"fa czico-074-tick-inside-circle mr8\"><\/i><b>Frisch gebackenes Pita<\/b><span class=\"cz_wh_sub\">Warm, weich, fluffig, ofenfrisches Brot<\/span><\/span><\/div><div class=\"cz_wh_line\"><\/div><\/div><\/div><script>if( typeof Codevz_Plus !== \"undefined\" ) {setTimeout( function() {if( typeof Codevz_Plus.working_hours !== \"undefined\" ) {Codevz_Plus.working_hours();}jQuery( window ).trigger( \"scroll.codevz\" ).trigger( \"scroll.lazyload\" );}, 10 );}<\/script><\/div><div class=\"cz_gap clr \" style=\"height: 100px\"><\/div>[\/vc_column][vc_column width=&#8220;1\/2&#8243;]<div class=\"cz_wrap clr\"><div id=\"cz_77378\" class=\"cz_77378 cz_title clr cz_title_pos_inline\"><div class=\"cz_title_content\"><div class=\"cz_wpe_content\"><h3><strong>Hauptgerichte<\/strong><\/h3>\n<\/div><\/div><\/div><script>if( typeof Codevz_Plus !== \"undefined\" ) {setTimeout( function() {if( typeof Codevz_Plus.title !== \"undefined\" ) {Codevz_Plus.title();}jQuery( window ).trigger( \"scroll.codevz\" ).trigger( \"scroll.lazyload\" );}, 10 );}<\/script><\/div><div class=\"cz_gap clr \" style=\"height: 25px\"><\/div><div class=\"cz_wrap clr\"><div id=\"cz_106681\" class=\"cz_106681 cz_wh cz_wh_line_between\"><style class=\"cz_d_css\" data-noptimize>#cz_106681{padding-right:15px;padding-left:15px}#cz_106681 .cz_wh_left{font-size:20px}#cz_106681 .cz_wh_sub{font-size:14px}#cz_106681 .cz_wh_right{font-size:20px;color:#ffffff;font-weight:900}#cz_106681 .cz_wh_line{margin-top:-28px;border-style:dashed;border-color:rgba(255,255,255,0.4)}<\/style><div class=\"mb10 last0 clr\"><div class=\"clr\"><span class=\"cz_wh_left\"><i class=\"fa czico-074-tick-inside-circle mr8\"><\/i><b>Makloubeh<\/b><span class=\"cz_wh_sub\">Reis, Auberginen, Fleisch, Gew\u00fcrze<\/span><\/span><\/div><div class=\"cz_wh_line\"><\/div><\/div><div class=\"mb10 last0 clr\"><div class=\"clr\"><span class=\"cz_wh_left\"><i class=\"fa czico-074-tick-inside-circle mr8\"><\/i><b>Musakhan<\/b><span class=\"cz_wh_sub\">Sumach-Huhn, Zwiebeln, Fladenbrot, Pinienkerne<\/span><\/span><\/div><div class=\"cz_wh_line\"><\/div><\/div><div class=\"mb10 last0 clr\"><div class=\"clr\"><span class=\"cz_wh_left\"><i class=\"fa czico-074-tick-inside-circle mr8\"><\/i><b>Kabsa<\/b><span class=\"cz_wh_sub\">Gew\u00fcrzter Reis, Fleisch, Tomaten, Gem\u00fcse<\/span><\/span><\/div><div class=\"cz_wh_line\"><\/div><\/div><div class=\"mb10 last0 clr\"><div class=\"clr\"><span class=\"cz_wh_left\"><i class=\"fa czico-074-tick-inside-circle mr8\"><\/i><b>Maqluba<\/b><span class=\"cz_wh_sub\">Geschichteter Reis, Gem\u00fcse, Fleisch, Gew\u00fcrze<\/span><\/span><\/div><div class=\"cz_wh_line\"><\/div><\/div><\/div><script>if( typeof Codevz_Plus !== \"undefined\" ) {setTimeout( function() {if( typeof Codevz_Plus.working_hours !== \"undefined\" ) {Codevz_Plus.working_hours();}jQuery( window ).trigger( \"scroll.codevz\" ).trigger( \"scroll.lazyload\" );}, 10 );}<\/script><\/div><div class=\"cz_gap clr \" style=\"height: 100px\"><\/div>[\/vc_column][\/vc_row][vc_row][vc_column width=&#8220;1\/2&#8243;]<div class=\"cz_wrap clr\"><div id=\"cz_72460\" class=\"cz_72460 cz_title clr cz_title_pos_inline\"><div class=\"cz_title_content\"><div class=\"cz_wpe_content\"><h3><strong>Gegrillte Spezialit\u00e4ten<\/strong><\/h3>\n<\/div><\/div><\/div><script>if( typeof Codevz_Plus !== \"undefined\" ) {setTimeout( function() {if( typeof Codevz_Plus.title !== \"undefined\" ) {Codevz_Plus.title();}jQuery( window ).trigger( \"scroll.codevz\" ).trigger( \"scroll.lazyload\" );}, 10 );}<\/script><\/div><div class=\"cz_gap clr \" style=\"height: 25px\"><\/div><div class=\"cz_wrap clr\"><div id=\"cz_15838\" class=\"cz_15838 cz_wh cz_wh_line_between\"><style class=\"cz_d_css\" data-noptimize>#cz_15838{padding-right:15px;padding-left:15px}#cz_15838 .cz_wh_left{font-size:20px}#cz_15838 .cz_wh_sub{font-size:14px}#cz_15838 .cz_wh_right{font-size:20px;color:#ffffff;font-weight:900}#cz_15838 small{font-size:12px;line-height:1em;background-color:#84592e;margin-top:10px}#cz_15838 .cz_wh_line{margin-top:-28px;border-style:dashed;border-color:rgba(255,255,255,0.4)}<\/style><div class=\"mb10 last0 clr\"><div class=\"clr\"><span class=\"cz_wh_left\"><i class=\"fa czico-074-tick-inside-circle mr8\"><\/i><b>Shish Taouk<\/b><span class=\"cz_wh_sub\">Mariniertes Huhn, Knoblauch, Zitrone, Gew\u00fcrze<\/span><\/span><\/div><div class=\"cz_wh_line\"><\/div><\/div><div class=\"mb10 last0 clr\"><div class=\"clr\"><span class=\"cz_wh_left\"><i class=\"fa czico-074-tick-inside-circle mr8\"><\/i><b>Kofta<\/b><span class=\"cz_wh_sub\">Hackfleisch vom Lamm, Petersilie, Zwiebeln, Gew\u00fcrze<\/span><\/span><\/div><div class=\"cz_wh_line\"><\/div><\/div><div class=\"mb10 last0 clr\"><div class=\"clr\"><span class=\"cz_wh_left\"><i class=\"fa czico-074-tick-inside-circle mr8\"><\/i><b>Lammkoteletts<\/b><span class=\"cz_wh_sub\">Zartes Lamm, Oliven\u00f6l, K\u00e4uter<\/span><\/span><\/div><div class=\"cz_wh_line\"><\/div><\/div><\/div><script>if( typeof Codevz_Plus !== \"undefined\" ) {setTimeout( function() {if( typeof Codevz_Plus.working_hours !== \"undefined\" ) {Codevz_Plus.working_hours();}jQuery( window ).trigger( \"scroll.codevz\" ).trigger( \"scroll.lazyload\" );}, 10 );}<\/script><\/div><div class=\"cz_gap clr \" style=\"height: 100px\"><\/div>[\/vc_column][vc_column width=&#8220;1\/2&#8243;]<div class=\"cz_wrap clr\"><div id=\"cz_19332\" class=\"cz_19332 cz_title clr cz_title_pos_inline\"><div class=\"cz_title_content\"><div class=\"cz_wpe_content\"><h3><strong>Geb\u00e4ck &#038; Desserts<\/strong><\/h3>\n<\/div><\/div><\/div><script>if( typeof Codevz_Plus !== \"undefined\" ) {setTimeout( function() {if( typeof Codevz_Plus.title !== \"undefined\" ) {Codevz_Plus.title();}jQuery( window ).trigger( \"scroll.codevz\" ).trigger( \"scroll.lazyload\" );}, 10 );}<\/script><\/div><div class=\"cz_gap clr \" style=\"height: 25px\"><\/div><div class=\"cz_wrap clr\"><div id=\"cz_33247\" class=\"cz_33247 cz_wh cz_wh_line_between\"><style class=\"cz_d_css\" data-noptimize>#cz_33247{padding-right:15px;padding-left:15px}#cz_33247 .cz_wh_left{font-size:20px}#cz_33247 .cz_wh_sub{font-size:14px}#cz_33247 .cz_wh_right{font-size:20px;color:#ffffff;font-weight:900}#cz_33247 .cz_wh_line{margin-top:-28px;border-style:dashed;border-color:rgba(255,255,255,0.4)}<\/style><div class=\"mb10 last0 clr\"><div class=\"clr\"><span class=\"cz_wh_left\"><i class=\"fa czico-074-tick-inside-circle mr8\"><\/i><b>Knafeh<\/b><span class=\"cz_wh_sub\">Fadenteig, K\u00e4se, Zuckersirup<\/span><\/span><\/div><div class=\"cz_wh_line\"><\/div><\/div><div class=\"mb10 last0 clr\"><div class=\"clr\"><span class=\"cz_wh_left\"><i class=\"fa czico-074-tick-inside-circle mr8\"><\/i><b>Baklava<\/b><span class=\"cz_wh_sub\">Filoteig, N\u00fcsse, Honigsirup<\/span><\/span><\/div><div class=\"cz_wh_line\"><\/div><\/div><div class=\"mb10 last0 clr\"><div class=\"clr\"><span class=\"cz_wh_left\"><i class=\"fa czico-074-tick-inside-circle mr8\"><\/i><b>Ma\u2019amoul<\/b><span class=\"cz_wh_sub\">Grie\u00dfgeb\u00e4ck, Datteln, N\u00fcsse<\/span><\/span><\/div><div class=\"cz_wh_line\"><\/div><\/div><\/div><script>if( typeof Codevz_Plus !== \"undefined\" ) {setTimeout( function() {if( typeof Codevz_Plus.working_hours !== \"undefined\" ) {Codevz_Plus.working_hours();}jQuery( window ).trigger( \"scroll.codevz\" ).trigger( \"scroll.lazyload\" );}, 10 );}<\/script><\/div><div class=\"cz_gap clr \" style=\"height: 100px\"><\/div>[\/vc_column][\/vc_row][vc_row full_width=&#8220;stretch_row&#8220; parallax=&#8220;content-moving&#8220; parallax_image=&#8220;1058&#8243;][vc_column]<div class=\"cz_wrap clr\"><div id=\"cz_75286\" class=\"cz_75286 cz_title clr cz_mobile_text_center cz_title_pos_inline tac\"><style class=\"cz_d_css\" data-noptimize>#cz_75286 .cz_title_content{margin-bottom:40px}<\/style><div class=\"cz_title_content\"><div class=\"cz_wpe_content\"><h2 style=\"text-align: center;\">Wir bieten auch vegetarische, vegane und glutenfreie Optionen an.<\/h2>\n<\/div><\/div><\/div><script>if( typeof Codevz_Plus !== \"undefined\" ) {setTimeout( function() {if( typeof Codevz_Plus.title !== \"undefined\" ) {Codevz_Plus.title();}jQuery( window ).trigger( \"scroll.codevz\" ).trigger( \"scroll.lazyload\" );}, 10 );}<\/script><\/div><div class=\"cz_gap clr \" style=\"height: 100px\"><\/div><div class=\"cz_gap clr \" style=\"height: 50px\"><\/div>[\/vc_column][\/vc_row]<\/p>\n<\/div>","protected":false},"excerpt":{"rendered":"<p>[vc_row][vc_column][\/vc_column][\/vc_row][vc_row][vc_column width=&#8220;1\/2&#8243;][\/vc_column][vc_column width=&#8220;1\/2&#8243;][\/vc_column][\/vc_row][vc_row][vc_column width=&#8220;1\/2&#8243;][\/vc_column][vc_column width=&#8220;1\/2&#8243;][\/vc_column][\/vc_row][vc_row full_width=&#8220;stretch_row&#8220; parallax=&#8220;content-moving&#8220; parallax_image=&#8220;1058&#8243;][vc_column][\/vc_column][\/vc_row] &#8230; <\/p>\n","protected":false},"author":1,"featured_media":0,"parent":0,"menu_order":0,"comment_status":"closed","ping_status":"closed","template":"","meta":{"footnotes":""},"class_list":["post-1248","page","type-page","status-publish","hentry"],"_links":{"self":[{"href":"https:\/\/baitrima.de\/de\/wp-json\/wp\/v2\/pages\/1248","targetHints":{"allow":["GET"]}}],"collection":[{"href":"https:\/\/baitrima.de\/de\/wp-json\/wp\/v2\/pages"}],"about":[{"href":"https:\/\/baitrima.de\/de\/wp-json\/wp\/v2\/types\/page"}],"author":[{"embeddable":true,"href":"https:\/\/baitrima.de\/de\/wp-json\/wp\/v2\/users\/1"}],"replies":[{"embeddable":true,"href":"https:\/\/baitrima.de\/de\/wp-json\/wp\/v2\/comments?post=1248"}],"version-history":[{"count":10,"href":"https:\/\/baitrima.de\/de\/wp-json\/wp\/v2\/pages\/1248\/revisions"}],"predecessor-version":[{"id":1317,"href":"https:\/\/baitrima.de\/de\/wp-json\/wp\/v2\/pages\/1248\/revisions\/1317"}],"wp:attachment":[{"href":"https:\/\/baitrima.de\/de\/wp-json\/wp\/v2\/media?parent=1248"}],"curies":[{"name":"wp","href":"https:\/\/api.w.org\/{rel}","templated":true}]}}