{"id":1233,"date":"2025-08-15T10:08:36","date_gmt":"2025-08-15T10:08:36","guid":{"rendered":"https:\/\/baitrima.de\/?page_id=1233"},"modified":"2025-08-15T15:54:40","modified_gmt":"2025-08-15T15:54:40","slug":"custom-orders","status":"publish","type":"page","link":"https:\/\/baitrima.de\/de\/custom-orders\/","title":{"rendered":"Custom Orders"},"content":{"rendered":"<div class=\"wpb-content-wrapper\"><p>[vc_row][vc_column width=&#8220;1\/2&#8243;][vc_column_text]<\/p>\n<h2><strong>Individuelle Bestellungen<\/strong><\/h2>\n<p>Wir wissen: Jeder Anlass ist einzigartig. Ob Sie ein besonderes Gericht aus Ihrer Heimat vermissen, ein Men\u00fc f\u00fcr ein kulturelles Event planen oder eine individuelle Catering-Anfrage haben \u2013 wir sind f\u00fcr Sie da.<\/p>\n<p>\u2022 <strong>Traditionelle Festgerichte<\/strong> \u2013 Von levantinischen Hochzeitsmen\u00fcs bis zu Spezialit\u00e4ten f\u00fcr Feiertage.<br \/>\n\u2022 <strong>Ern\u00e4hrungsbed\u00fcrfnisse<\/strong> \u2013 Glutenfrei, vegetarisch oder vegan \u2013 wir passen alles an.<br \/>\n\u2022 <strong>Individueller Service<\/strong> \u2013 Gemeinsam gestalten wir Ihr pers\u00f6nliches Geschmackserlebnis.<\/p>\n<p>&nbsp;<\/p>\n<p>Sagen Sie uns einfach, was Sie sich w\u00fcnschen \u2013 und wir machen es m\u00f6glich![\/vc_column_text]<div class=\"cz_wrap clr\"><div id=\"cz_52105\" class=\"cz_grid_p cz_52105\"><div class=\"cz_grid cz_grid_1 clr cz_metro_1 cz_grid_c4 cz_grid_1_no_title cz_grid_1_mid tac cz_grid_two_columns_on_mobile\" data-animation=\"cz_grid_anim_helix\"><div class=\"cz_grid_item cz_grid_first\"><\/div><div class=\"cz_grid_item \"><div><a class=\"cz_grid_link \" href=\"https:\/\/baitrima.de\/wp-content\/uploads\/2025\/06\/05-rotated.jpg\" data-xtra-lightbox><img decoding=\"async\" width=\"600\" height=\"600\" src=\"https:\/\/baitrima.de\/wp-content\/uploads\/2025\/06\/05-600x600.jpg\" class=\"attachment-codevz_600_600\" alt=\"\" title=\"05\" srcset=\"https:\/\/baitrima.de\/wp-content\/uploads\/2025\/06\/05-600x600.jpg 600w, https:\/\/baitrima.de\/wp-content\/uploads\/2025\/06\/05-150x150.jpg 150w, https:\/\/baitrima.de\/wp-content\/uploads\/2025\/06\/05-100x100.jpg 100w\" sizes=\"(max-width: 600px) 100vw, 600px\" \/><div class=\"cz_grid_details\"><i class=\"fa fa-search cz_grid_icon\"><\/i><\/div><\/a><\/div><\/div><div class=\"cz_grid_item \"><div><a class=\"cz_grid_link \" href=\"https:\/\/baitrima.de\/wp-content\/uploads\/2025\/06\/04-rotated.jpg\" data-xtra-lightbox><img decoding=\"async\" width=\"600\" height=\"600\" src=\"https:\/\/baitrima.de\/wp-content\/uploads\/2025\/06\/04-600x600.jpg\" class=\"attachment-codevz_600_600\" alt=\"\" title=\"04\" srcset=\"https:\/\/baitrima.de\/wp-content\/uploads\/2025\/06\/04-600x600.jpg 600w, https:\/\/baitrima.de\/wp-content\/uploads\/2025\/06\/04-150x150.jpg 150w, https:\/\/baitrima.de\/wp-content\/uploads\/2025\/06\/04-100x100.jpg 100w\" sizes=\"(max-width: 600px) 100vw, 600px\" \/><div class=\"cz_grid_details\"><i class=\"fa fa-search cz_grid_icon\"><\/i><\/div><\/a><\/div><\/div><div class=\"cz_grid_item \"><div><a class=\"cz_grid_link \" href=\"https:\/\/baitrima.de\/wp-content\/uploads\/2025\/06\/06-rotated.jpg\" data-xtra-lightbox><img decoding=\"async\" width=\"600\" height=\"600\" src=\"https:\/\/baitrima.de\/wp-content\/uploads\/2025\/06\/06-600x600.jpg\" class=\"attachment-codevz_600_600\" alt=\"\" title=\"06\" srcset=\"https:\/\/baitrima.de\/wp-content\/uploads\/2025\/06\/06-600x600.jpg 600w, https:\/\/baitrima.de\/wp-content\/uploads\/2025\/06\/06-150x150.jpg 150w, https:\/\/baitrima.de\/wp-content\/uploads\/2025\/06\/06-100x100.jpg 100w\" sizes=\"(max-width: 600px) 100vw, 600px\" \/><div class=\"cz_grid_details\"><i class=\"fa fa-search cz_grid_icon\"><\/i><\/div><\/a><\/div><\/div><div class=\"cz_grid_item \"><div><a class=\"cz_grid_link \" href=\"https:\/\/baitrima.de\/wp-content\/uploads\/2025\/06\/FB_IMG_1678800541790.jpg\" data-xtra-lightbox><img decoding=\"async\" width=\"600\" height=\"600\" src=\"https:\/\/baitrima.de\/wp-content\/uploads\/2025\/06\/FB_IMG_1678800541790-600x600.jpg\" class=\"attachment-codevz_600_600\" alt=\"\" title=\"FB_IMG_1678800541790\" srcset=\"https:\/\/baitrima.de\/wp-content\/uploads\/2025\/06\/FB_IMG_1678800541790-600x600.jpg 600w, https:\/\/baitrima.de\/wp-content\/uploads\/2025\/06\/FB_IMG_1678800541790-300x300.jpg 300w, https:\/\/baitrima.de\/wp-content\/uploads\/2025\/06\/FB_IMG_1678800541790-150x150.jpg 150w, https:\/\/baitrima.de\/wp-content\/uploads\/2025\/06\/FB_IMG_1678800541790-768x768.jpg 768w, https:\/\/baitrima.de\/wp-content\/uploads\/2025\/06\/FB_IMG_1678800541790-100x100.jpg 100w, https:\/\/baitrima.de\/wp-content\/uploads\/2025\/06\/FB_IMG_1678800541790.jpg 960w\" sizes=\"(max-width: 600px) 100vw, 600px\" \/><div class=\"cz_grid_details\"><i class=\"fa fa-search cz_grid_icon\"><\/i><\/div><\/a><\/div><\/div><div class=\"cz_grid_item \"><div><a class=\"cz_grid_link \" href=\"https:\/\/baitrima.de\/wp-content\/uploads\/2025\/08\/20250427_184050-scaled.jpg\" data-xtra-lightbox><img decoding=\"async\" width=\"600\" height=\"600\" src=\"https:\/\/baitrima.de\/wp-content\/uploads\/2025\/08\/20250427_184050-600x600.jpg\" class=\"attachment-codevz_600_600\" alt=\"\" title=\"20250427_184050\" srcset=\"https:\/\/baitrima.de\/wp-content\/uploads\/2025\/08\/20250427_184050-600x600.jpg 600w, https:\/\/baitrima.de\/wp-content\/uploads\/2025\/08\/20250427_184050-150x150.jpg 150w, https:\/\/baitrima.de\/wp-content\/uploads\/2025\/08\/20250427_184050-100x100.jpg 100w\" sizes=\"(max-width: 600px) 100vw, 600px\" \/><div class=\"cz_grid_details\"><i class=\"fa fa-search cz_grid_icon\"><\/i><\/div><\/a><\/div><\/div><\/div><\/div><script>if( typeof Codevz_Plus !== \"undefined\" ) {setTimeout( function() {Codevz_Plus.grid( true );if( typeof Codevz_Plus.tilt !== \"undefined\" ) {Codevz_Plus.tilt();}jQuery( window ).trigger( \"scroll.codevz\" ).trigger( \"scroll.lazyload\" );}, 10 );}<\/script><\/div>[\/vc_column][vc_column width=&#8220;1\/2&#8243;][vc_single_image image=&#8220;1189&#8243; img_size=&#8220;large&#8220; style=&#8220;vc_box_shadow&#8220; css=&#8220;.vc_custom_1755252611271{margin-top: 0px !important;}&#8220;][\/vc_column][\/vc_row][vc_row][vc_column][\/vc_column][\/vc_row]<\/p>\n<\/div>","protected":false},"excerpt":{"rendered":"<p>[vc_row][vc_column width=&#8220;1\/2&#8243;][vc_column_text] Individuelle Bestellungen Wir wissen: Jeder Anlass ist einzigartig. Ob &#8230; <\/p>\n","protected":false},"author":1,"featured_media":0,"parent":0,"menu_order":0,"comment_status":"closed","ping_status":"closed","template":"","meta":{"footnotes":""},"class_list":["post-1233","page","type-page","status-publish","hentry"],"_links":{"self":[{"href":"https:\/\/baitrima.de\/de\/wp-json\/wp\/v2\/pages\/1233","targetHints":{"allow":["GET"]}}],"collection":[{"href":"https:\/\/baitrima.de\/de\/wp-json\/wp\/v2\/pages"}],"about":[{"href":"https:\/\/baitrima.de\/de\/wp-json\/wp\/v2\/types\/page"}],"author":[{"embeddable":true,"href":"https:\/\/baitrima.de\/de\/wp-json\/wp\/v2\/users\/1"}],"replies":[{"embeddable":true,"href":"https:\/\/baitrima.de\/de\/wp-json\/wp\/v2\/comments?post=1233"}],"version-history":[{"count":3,"href":"https:\/\/baitrima.de\/de\/wp-json\/wp\/v2\/pages\/1233\/revisions"}],"predecessor-version":[{"id":1305,"href":"https:\/\/baitrima.de\/de\/wp-json\/wp\/v2\/pages\/1233\/revisions\/1305"}],"wp:attachment":[{"href":"https:\/\/baitrima.de\/de\/wp-json\/wp\/v2\/media?parent=1233"}],"curies":[{"name":"wp","href":"https:\/\/api.w.org\/{rel}","templated":true}]}}