{"id":1172,"date":"2025-08-14T13:36:37","date_gmt":"2025-08-14T13:36:37","guid":{"rendered":"https:\/\/baitrima.de\/?page_id=1172"},"modified":"2025-08-15T15:45:36","modified_gmt":"2025-08-15T15:45:36","slug":"event-catering","status":"publish","type":"page","link":"https:\/\/baitrima.de\/de\/event-catering\/","title":{"rendered":"Event Catering"},"content":{"rendered":"<div class=\"wpb-content-wrapper\"><p>[vc_row][vc_column width=&#8220;1\/2&#8243;][vc_column_text]<\/p>\n<h2><strong>Event-Catering<\/strong><\/h2>\n<p>Wir bieten ein au\u00dfergew\u00f6hnliches Catering-Erlebnis f\u00fcr Hochzeiten, Firmenfeiern, Geburtstage und famili\u00e4re Anl\u00e4sse. Unser Event-Catering bereichert Ihre Veranstaltung mit authentischen Aromen des Nahen Ostens, kunstvoll pr\u00e4sentierten Gerichten und einem unvergesslichen kulinarischen Erlebnis f\u00fcr Ihre G\u00e4ste.<br \/>\nUnser Catering-Men\u00fc umfasst eine gro\u00dfe Auswahl an traditionellen Vorspeisen, Hauptgerichten und Desserts, individuell abgestimmt auf das Thema und die Ern\u00e4hrungsbed\u00fcrfnisse Ihres Events.<br \/>\nOb elegante Hochzeitsfeier oder zwangloses Business-Lunch \u2013 wir arbeiten eng mit Ihnen zusammen, um ein ma\u00dfgeschneidertes Men\u00fc zu gestalten, das perfekt zu Ihrer Vision passt.<br \/>\nMit frischen Zutaten, professioneller Pr\u00e4sentation und exzellentem Service sorgt <strong>Bait Rima<\/strong> daf\u00fcr, dass Ihre Feier ein Fest des Geschmacks und der Gastfreundschaft wird.[\/vc_column_text][\/vc_column][vc_column width=&#8220;1\/2&#8243;][vc_single_image image=&#8220;1143&#8243; img_size=&#8220;large&#8220; css=&#8220;.vc_custom_1755178881031{margin-top: 30px !important;}&#8220;][\/vc_column][\/vc_row][vc_row content_placement=&#8220;middle&#8220;][vc_column]<div class=\"cz_wrap clr\"><div id=\"cz_14460\" class=\"cz_grid_p cz_14460\"><div class=\"cz_grid cz_grid_1 clr cz_grid_c2 cz_grid_l2 cz_grid_1_no_title cz_grid_1_mid tac\"><div class=\"cz_grid_item cz_grid_first\"><\/div><div class=\"cz_grid_item \"><div><a class=\"cz_grid_link \" href=\"https:\/\/baitrima.de\/wp-content\/uploads\/2025\/08\/IMG_20230915_171040_235.webp\" data-xtra-lightbox><img decoding=\"async\" width=\"1200\" height=\"500\" src=\"https:\/\/baitrima.de\/wp-content\/uploads\/2025\/08\/IMG_20230915_171040_235-1200x500.webp\" class=\"attachment-codevz_1200_500\" alt=\"\" title=\"IMG_20230915_171040_235\" \/><div class=\"cz_grid_details\"><i class=\"fa fa-search cz_grid_icon\"><\/i><\/div><\/a><\/div><\/div><div class=\"cz_grid_item \"><div><a class=\"cz_grid_link \" href=\"https:\/\/baitrima.de\/wp-content\/uploads\/2025\/08\/20230106_120657-scaled.jpg\" data-xtra-lightbox><img decoding=\"async\" width=\"1200\" height=\"500\" src=\"https:\/\/baitrima.de\/wp-content\/uploads\/2025\/08\/20230106_120657-1200x500.jpg\" class=\"attachment-codevz_1200_500\" alt=\"\" title=\"20230106_120657\" \/><div class=\"cz_grid_details\"><i class=\"fa fa-search cz_grid_icon\"><\/i><\/div><\/a><\/div><\/div><div class=\"cz_grid_item \"><div><a class=\"cz_grid_link \" href=\"https:\/\/baitrima.de\/wp-content\/uploads\/2025\/08\/20230106_120619-scaled.jpg\" data-xtra-lightbox><img decoding=\"async\" width=\"1200\" height=\"500\" src=\"https:\/\/baitrima.de\/wp-content\/uploads\/2025\/08\/20230106_120619-1200x500.jpg\" class=\"attachment-codevz_1200_500\" alt=\"\" title=\"20230106_120619\" \/><div class=\"cz_grid_details\"><i class=\"fa fa-search cz_grid_icon\"><\/i><\/div><\/a><\/div><\/div><div class=\"cz_grid_item \"><div><a class=\"cz_grid_link \" href=\"https:\/\/baitrima.de\/wp-content\/uploads\/2025\/08\/20220424_124405-scaled.jpg\" data-xtra-lightbox><img decoding=\"async\" width=\"1200\" height=\"500\" src=\"https:\/\/baitrima.de\/wp-content\/uploads\/2025\/08\/20220424_124405-1200x500.jpg\" class=\"attachment-codevz_1200_500\" alt=\"\" title=\"20220424_124405\" \/><div class=\"cz_grid_details\"><i class=\"fa fa-search cz_grid_icon\"><\/i><\/div><\/a><\/div><\/div><\/div><\/div><script>if( typeof Codevz_Plus !== \"undefined\" ) {setTimeout( function() {Codevz_Plus.grid( true );if( typeof Codevz_Plus.tilt !== \"undefined\" ) {Codevz_Plus.tilt();}jQuery( window ).trigger( \"scroll.codevz\" ).trigger( \"scroll.lazyload\" );}, 10 );}<\/script><\/div>[\/vc_column][\/vc_row]<\/p>\n<\/div>","protected":false},"excerpt":{"rendered":"<p>[vc_row][vc_column width=&#8220;1\/2&#8243;][vc_column_text] Event-Catering Wir bieten ein au\u00dfergew\u00f6hnliches Catering-Erlebnis f\u00fcr Hochzeiten, Firmenfeiern, &#8230; <\/p>\n","protected":false},"author":1,"featured_media":0,"parent":0,"menu_order":0,"comment_status":"closed","ping_status":"closed","template":"","meta":{"footnotes":""},"class_list":["post-1172","page","type-page","status-publish","hentry"],"_links":{"self":[{"href":"https:\/\/baitrima.de\/de\/wp-json\/wp\/v2\/pages\/1172","targetHints":{"allow":["GET"]}}],"collection":[{"href":"https:\/\/baitrima.de\/de\/wp-json\/wp\/v2\/pages"}],"about":[{"href":"https:\/\/baitrima.de\/de\/wp-json\/wp\/v2\/types\/page"}],"author":[{"embeddable":true,"href":"https:\/\/baitrima.de\/de\/wp-json\/wp\/v2\/users\/1"}],"replies":[{"embeddable":true,"href":"https:\/\/baitrima.de\/de\/wp-json\/wp\/v2\/comments?post=1172"}],"version-history":[{"count":7,"href":"https:\/\/baitrima.de\/de\/wp-json\/wp\/v2\/pages\/1172\/revisions"}],"predecessor-version":[{"id":1300,"href":"https:\/\/baitrima.de\/de\/wp-json\/wp\/v2\/pages\/1172\/revisions\/1300"}],"wp:attachment":[{"href":"https:\/\/baitrima.de\/de\/wp-json\/wp\/v2\/media?parent=1172"}],"curies":[{"name":"wp","href":"https:\/\/api.w.org\/{rel}","templated":true}]}}